{"id":9423,"date":"2024-07-01T13:42:56","date_gmt":"2024-07-01T11:42:56","guid":{"rendered":"https:\/\/www.otp.ch\/?page_id=9423"},"modified":"2026-03-03T13:55:13","modified_gmt":"2026-03-03T12:55:13","slug":"outplacement-conseil-bern","status":"publish","type":"page","link":"https:\/\/www.otp.ch\/fr\/contact\/outplacement-conseil-bern\/","title":{"rendered":"Outplacement Conseil \u2013 Bern"},"content":{"rendered":"<div  class=\"tatsu-H1WGGZ6RQr tatsu-section    tatsu-clearfix\" data-title=\"\"  data-headerscheme=\"background--dark\"><div class='tatsu-section-pad clearfix' data-padding='{\"d\":\"90px 0px 20px 0px\"}' data-padding-top='90px'><div class=\"tatsu-row-wrap  tatsu-wrap tatsu-row-one-col tatsu-row-has-one-cols tatsu-medium-gutter tatsu-reg-cols  tatsu-clearfix tatsu-BklzG-6CQH\" ><div  class=\"tatsu-row \" ><div  class=\"tatsu-column  tatsu-column-no-bg tatsu-one-col tatsu-column-image-none tatsu-column-effect-none  tatsu-r1zMbTRXH\"  data-parallax-speed=\"0\" style=\"\"><div class=\"tatsu-column-inner \" ><div class=\"tatsu-column-pad-wrap\"><div class=\"tatsu-column-pad\" ><div  class=\"tatsu-module tatsu-text-block-wrap tatsu-BJPfIh_tN  \"><div class=\"tatsu-text-inner tatsu-align-center  clearfix\" ><style>.tatsu-BJPfIh_tN.tatsu-text-block-wrap .tatsu-text-inner{width: 100%;text-align: left;}<\/style>\n<h1>Conseil et Coaching Berne<\/h1>\n<p><span style=\"font-size: 18pt;\">Votre contact pour <a href=\"https:\/\/www.otp.ch\/fr\/outplacement-newplacement\/\">l\u2019outplacement \/ le newplacement<\/a>\u00a0\/\u00a0<a href=\"https:\/\/www.otp.ch\/fr\/assessment-center-et-conseil\/\">l\u2019assessment<\/a>\u00a0\/ le\u00a0<a href=\"https:\/\/www.otp.ch\/fr\/executive-business-coaching\/\">coaching<\/a>\u00a0et\u00a0<a href=\"https:\/\/www.otp.ch\/fr\/formation-en-entreprise\/\">le d\u00e9veloppement RH<\/a>.<\/span><\/p>\n<\/div><\/div><\/div><\/div><div class = \"tatsu-column-bg-image-wrap\"><div class = \"tatsu-column-bg-image\" ><\/div><\/div><\/div><style>.tatsu-row > .tatsu-r1zMbTRXH.tatsu-column{width: 100%;}.tatsu-r1zMbTRXH.tatsu-column > .tatsu-column-inner > .tatsu-column-overlay{mix-blend-mode: none;}.tatsu-r1zMbTRXH > .tatsu-column-inner > .tatsu-top-divider{z-index: 9999;}.tatsu-r1zMbTRXH > .tatsu-column-inner > .tatsu-bottom-divider{z-index: 9999;}.tatsu-r1zMbTRXH > .tatsu-column-inner > .tatsu-left-divider{z-index: 9999;}.tatsu-r1zMbTRXH > .tatsu-column-inner > .tatsu-right-divider{z-index: 9999;}@media only screen and (max-width:1377px) {.tatsu-row > .tatsu-r1zMbTRXH.tatsu-column{width: 100%;}}@media only screen and (min-width:768px) and (max-width: 1024px) {.tatsu-row > .tatsu-r1zMbTRXH.tatsu-column{width: 100%;}}@media only screen and (max-width: 767px) {.tatsu-row > .tatsu-r1zMbTRXH.tatsu-column{width: 100%;}}<\/style><\/div><\/div><\/div><\/div><div class=\"tatsu-section-background-wrap\"><div class = \"tatsu-section-background\" ><\/div><\/div><style>.tatsu-H1WGGZ6RQr .tatsu-section-pad{padding: 90px 0px 20px 0px;}.tatsu-H1WGGZ6RQr > .tatsu-bottom-divider{z-index: 9999;}.tatsu-H1WGGZ6RQr > .tatsu-top-divider{z-index: 9999;}<\/style><\/div><div  class=\"tatsu-BybOgL3OY4 tatsu-section    tatsu-clearfix\" data-title=\"\"  data-headerscheme=\"background--dark\"><div class='tatsu-section-pad clearfix' data-padding='{\"d\":\"25px 0px 52px 0px\"}' data-padding-top='25px'><div class=\"tatsu-row-wrap  tatsu-wrap tatsu-row-has-two-cols tatsu-medium-gutter tatsu-reg-cols  tatsu-clearfix tatsu-S1lul8huFN\" ><div  class=\"tatsu-row \" ><div  class=\"tatsu-column  tatsu-column-no-bg tatsu-two-third tatsu-column-image-none tatsu-column-effect-none  tatsu-HkQfL3_YE\"  data-parallax-speed=\"0\" style=\"\"><div class=\"tatsu-column-inner \" ><div class=\"tatsu-column-pad-wrap\"><div class=\"tatsu-column-pad\" ><div  class=\"tatsu-module tatsu-text-block-wrap tatsu-SyES8nuYN  \"><div class=\"tatsu-text-inner tatsu-align-center  clearfix\" ><style>.tatsu-SyES8nuYN.tatsu-text-block-wrap .tatsu-text-inner{width: 100%;text-align: left;}<\/style>\n<h2>Description<\/h2>\n<p>Nous nous r\u00e9jouissons de vous accueillir dans nos locaux lumineux et centraux \u00e0 Berne, aux heures de bureau ou sur rendez-vous. Planifiez votre prochaine \u00e9tape de carri\u00e8re dans une atmosph\u00e8re agr\u00e9able.\u00a0Nous sommes \u00e0 vos c\u00f4t\u00e9s avec votre programme personnel, des outils num\u00e9riques modernes et des coachs exp\u00e9riment\u00e9s. Nous vous soutenons activement tout au long de votre d\u00e9marche.<\/p>\n<h3>Acc\u00e8s<\/h3>\n<p>Bien et facilement accessible avec les transports publics (\u00e0 proximit\u00e9 de la gare \/ tram n\u00b0 3\/6\/7\/8\/9, bus 10\/11\/12\/15\/17\/19\/20\/21\/30, arr\u00eat Bern Bahnhof). Des places de stationnement sont disponibles \u00e0 proximit\u00e9, au Parking de la gare.<\/p>\n<\/div><\/div><div  class=\"tatsu-module tatsu-text-block-wrap tatsu-Byikd6RQS  \"><div class=\"tatsu-text-inner tatsu-align-center  clearfix\" ><style>.tatsu-Byikd6RQS.tatsu-text-block-wrap .tatsu-text-inner{width: 100%;text-align: left;}<\/style>\n<h2>Vous nous trouverez ici<\/h2>\n<\/div><\/div><div  class=\"tatsu-module tatsu-gmap-wrapper be-gdpr-consent-required tatsu-HJkAI2_KE   \" data-gdpr-concern=\"gmaps\" ><div class=\"tatsu-gmap map_960\" data-address=\"Spitalgasse 34, 3011 Bern\" data-zoom=\"15\" data-latitude=\"46.948150\" data-longitude=\"7.441870\" data-marker=\"\" data-style=\"standard\"><\/div><style>.tatsu-HJkAI2_KE{height: 400px;}<\/style><\/div><\/div><\/div><div class = \"tatsu-column-bg-image-wrap\"><div class = \"tatsu-column-bg-image\" ><\/div><\/div><\/div><style>.tatsu-row > .tatsu-HkQfL3_YE.tatsu-column{width: 66.67%;}.tatsu-HkQfL3_YE.tatsu-column > .tatsu-column-inner > .tatsu-column-overlay{mix-blend-mode: none;}.tatsu-HkQfL3_YE > .tatsu-column-inner > .tatsu-top-divider{z-index: 9999;}.tatsu-HkQfL3_YE > .tatsu-column-inner > .tatsu-bottom-divider{z-index: 9999;}.tatsu-HkQfL3_YE > .tatsu-column-inner > .tatsu-left-divider{z-index: 9999;}.tatsu-HkQfL3_YE > .tatsu-column-inner > .tatsu-right-divider{z-index: 9999;}@media only screen and (max-width:1377px) {.tatsu-row > .tatsu-HkQfL3_YE.tatsu-column{width: 66.67%;}}@media only screen and (min-width:768px) and (max-width: 1024px) {.tatsu-row > .tatsu-HkQfL3_YE.tatsu-column{width: 66.67%;}}@media only screen and (max-width: 767px) {.tatsu-row > .tatsu-HkQfL3_YE.tatsu-column{width: 100%;}}<\/style><\/div><div  class=\"tatsu-column  tatsu-column-no-bg tatsu-one-third tatsu-column-image-none tatsu-column-effect-none  tatsu-B1gQz8nuKN\"  data-parallax-speed=\"0\" style=\"\"><div class=\"tatsu-column-inner \" ><div class=\"tatsu-column-pad-wrap\"><div class=\"tatsu-column-pad\" ><div  class=\"tatsu-module tatsu-text-block-wrap tatsu-r1V_ihut4  \"><div class=\"tatsu-text-inner tatsu-align-center  clearfix\" ><style>.tatsu-r1V_ihut4.tatsu-text-block-wrap .tatsu-text-inner{width: 100%;text-align: left;}<\/style>\n<h2>En un coup d&rsquo;\u0153il<\/h2>\n<p><strong>Adresse:<\/strong><br \/>OTP Organisation &amp; Training Partners AG, Falkenplatz 7, 3012 Berne<\/p>\n<p><strong>Horaires d&rsquo;ouverture<\/strong> : Lu-Ve, 08.00-12.00 heures et 13.00-17.00 heures<\/p>\n<p><strong>T\u00e9l\u00e9phone<\/strong> : +41 31 997 40 40<br \/><strong>E-Mail<\/strong> : <a href=\"mailto:bern@otp.ch\">bern@otp.ch<\/a><\/p>\n<\/div><\/div><div  class=\"tatsu-SylT16R7B team-shortcode-wrap oshine-module\"  ><div class=\"element  c_to_c style5-title\"><div class=\"element-inner\"><div class=\"flip-wrap\"><div class=\"flip-img-wrap none-effect\"><img decoding=\"async\" src=\"https:\/\/www.otp.ch\/wp-content\/uploads\/2019\/08\/peter-geide-otp-outplacement.jpg\" alt=\"Peter Geide\" \/><\/div><\/div><div class=\"thumb-overlay\"><div class=\"thumb-bg\" ><div class=\"display-table\"><div class=\"display-table-cell vertical-align-middle\"><div class=\"team-wrap clearfix\" ><h6 class=\"team-title\" >Peter Geide<\/h6><p class=\"designation\" >Consultant senior<\/p><p class=\"team-description\" ><\/p><\/div><\/div><\/div><\/div><\/div><\/div><\/div><style>.tatsu-SylT16R7B .team-wrap{text-align: left;}<\/style><\/div><div  class=\"tatsu-module tatsu-normal-button tatsu-button-wrap   tatsu-HyIFwaC7H   \"><a class=\"tatsu-shortcode mediumbtn tatsu-button left-icon rounded   bg-animation-none  \" href=\"#formbasel\" style= \"\"  aria-label=\"ENVOYER UNE DEMANDE\" data-gdpr-atts={} >ENVOYER UNE DEMANDE<\/a><style>.tatsu-HyIFwaC7H .tatsu-button{background-color: #f8981d;color: #ffffff ;}<\/style><\/div><\/div><\/div><div class = \"tatsu-column-bg-image-wrap\"><div class = \"tatsu-column-bg-image\" ><\/div><\/div><\/div><style>.tatsu-row > .tatsu-B1gQz8nuKN.tatsu-column{width: 33.33%;}.tatsu-B1gQz8nuKN.tatsu-column > .tatsu-column-inner > .tatsu-column-overlay{mix-blend-mode: none;}.tatsu-B1gQz8nuKN > .tatsu-column-inner > .tatsu-top-divider{z-index: 9999;}.tatsu-B1gQz8nuKN > .tatsu-column-inner > .tatsu-bottom-divider{z-index: 9999;}.tatsu-B1gQz8nuKN > .tatsu-column-inner > .tatsu-left-divider{z-index: 9999;}.tatsu-B1gQz8nuKN > .tatsu-column-inner > .tatsu-right-divider{z-index: 9999;}@media only screen and (max-width:1377px) {.tatsu-row > .tatsu-B1gQz8nuKN.tatsu-column{width: 33.33%;}}@media only screen and (min-width:768px) and (max-width: 1024px) {.tatsu-row > .tatsu-B1gQz8nuKN.tatsu-column{width: 33.33%;}}@media only screen and (max-width: 767px) {.tatsu-row > .tatsu-B1gQz8nuKN.tatsu-column{width: 100%;}}<\/style><\/div><\/div><\/div><\/div><div class=\"tatsu-section-background-wrap\"><div class = \"tatsu-section-background\" ><\/div><\/div><style>.tatsu-BybOgL3OY4 .tatsu-section-pad{padding: 25px 0px 52px 0px;}.tatsu-BybOgL3OY4 > .tatsu-bottom-divider{z-index: 9999;}.tatsu-BybOgL3OY4 > .tatsu-top-divider{z-index: 9999;}<\/style><\/div><div id=\"formbasel\" class=\"tatsu-HkfvgU2_YE tatsu-section    tatsu-clearfix\" data-title=\"\"  data-headerscheme=\"background--dark\"><div class='tatsu-section-pad clearfix' data-padding='{\"d\":\"25px 0px 91px 0px\"}' data-padding-top='25px'><div class=\"tatsu-row-wrap  tatsu-wrap tatsu-row-has-one-half tatsu-row-has-two-cols tatsu-medium-gutter tatsu-reg-cols  tatsu-clearfix tatsu-r17vgU3uFE\" ><div  class=\"tatsu-row \" ><div  class=\"tatsu-column  tatsu-column-no-bg tatsu-one-half tatsu-column-image-none tatsu-column-effect-none  tatsu-Hk4vgL3OtE\"  data-parallax-speed=\"0\" style=\"\"><div class=\"tatsu-column-inner \" ><div class=\"tatsu-column-pad-wrap\"><div class=\"tatsu-column-pad\" ><div  class=\"tatsu-module tatsu-text-block-wrap tatsu-ryGS5huYN  \"><div class=\"tatsu-text-inner tatsu-align-center  clearfix\" ><style>.tatsu-ryGS5huYN.tatsu-text-block-wrap .tatsu-text-inner{width: 100%;text-align: left;}<\/style>\n<h2>Demande de renseignements &#8211; Berne<\/h2>\n<\/div><\/div><div  class=\"tatsu-module tatsu-text-block-wrap tatsu-rymD5hOYV  \"><div class=\"tatsu-text-inner tatsu-align-center  clearfix\" ><style>.tatsu-rymD5hOYV.tatsu-text-block-wrap .tatsu-text-inner{width: 100%;text-align: left;}<\/style>\n<p>Vous \u00eates int\u00e9ress\u00e9(e) par des conseils ou des services dans le domaine de <a href=\"https:\/\/www.otp.ch\/fr\/outplacement-newplacement\/\">l\u2019outplacement \/ le\u00a0newplacement<\/a>\u00a0\/\u00a0<a href=\"https:\/\/www.otp.ch\/fr\/assessment-center-et-conseil\/\">l\u2019assessment<\/a>\u00a0\/ le\u00a0<a href=\"https:\/\/www.otp.ch\/fr\/executive-business-coaching\/\">coaching<\/a>\u00a0et\u00a0<a href=\"https:\/\/www.otp.ch\/fr\/formation-en-entreprise\/\">le d\u00e9veloppement RH<\/a>\u00a0?<\/p>\n<p>Contactez notre conseil \u00e0 Berne pour plus d&rsquo;informations. Si vous \u00eates actif dans toute la Suisse, vous pouvez \u00e9galement contacter l&rsquo;un de nos\u00a0<a href=\"https:\/\/www.otp.ch\/fr\/contact\/\">8 autres bureaux<\/a>.<\/p>\n<p>Nous nous r\u00e9jouissons de faire votre connaissance en personne.<\/p>\n<\/div><\/div><div  class=\"tatsu-module tatsu-text-block-wrap tatsu-rkI55pCXr  \"><div class=\"tatsu-text-inner tatsu-align-center  clearfix\" ><style>.tatsu-rkI55pCXr.tatsu-text-block-wrap .tatsu-text-inner{width: 100%;text-align: left;}<\/style>\n<p><a href=\"https:\/\/www.otp.ch\/wp-content\/uploads\/2024\/03\/tag-otp-30-Jahre_F.jpg\"><img loading=\"lazy\" decoding=\"async\" class=\"alignnone size-full wp-image-9080\" src=\"https:\/\/www.otp.ch\/wp-content\/uploads\/2024\/03\/tag-otp-30-Jahre_F.jpg\" alt=\"\" width=\"533\" height=\"498\" srcset=\"https:\/\/www.otp.ch\/wp-content\/uploads\/2024\/03\/tag-otp-30-Jahre_F.jpg 533w, https:\/\/www.otp.ch\/wp-content\/uploads\/2024\/03\/tag-otp-30-Jahre_F-300x280.jpg 300w, https:\/\/www.otp.ch\/wp-content\/uploads\/2024\/03\/tag-otp-30-Jahre_F-54x50.jpg 54w, https:\/\/www.otp.ch\/wp-content\/uploads\/2024\/03\/tag-otp-30-Jahre_F-50x47.jpg 50w\" sizes=\"auto, (max-width: 533px) 100vw, 533px\" \/><\/a><\/p>\n<\/div><\/div><\/div><\/div><div class = \"tatsu-column-bg-image-wrap\"><div class = \"tatsu-column-bg-image\" ><\/div><\/div><\/div><style>.tatsu-row > .tatsu-Hk4vgL3OtE.tatsu-column{width: 50%;}.tatsu-Hk4vgL3OtE.tatsu-column > .tatsu-column-inner > .tatsu-column-overlay{mix-blend-mode: none;}.tatsu-Hk4vgL3OtE > .tatsu-column-inner > .tatsu-top-divider{z-index: 9999;}.tatsu-Hk4vgL3OtE > .tatsu-column-inner > .tatsu-bottom-divider{z-index: 9999;}.tatsu-Hk4vgL3OtE > .tatsu-column-inner > .tatsu-left-divider{z-index: 9999;}.tatsu-Hk4vgL3OtE > .tatsu-column-inner > .tatsu-right-divider{z-index: 9999;}@media only screen and (max-width:1377px) {.tatsu-row > .tatsu-Hk4vgL3OtE.tatsu-column{width: 50%;}}@media only screen and (min-width:768px) and (max-width: 1024px) {.tatsu-row > .tatsu-Hk4vgL3OtE.tatsu-column{width: 50%;}}@media only screen and (max-width: 767px) {.tatsu-row > .tatsu-Hk4vgL3OtE.tatsu-column{width: 100%;}}<\/style><\/div><div  class=\"tatsu-column  tatsu-column-no-bg tatsu-one-half tatsu-column-image-none tatsu-column-effect-none  tatsu-BklnU9huKE\"  data-parallax-speed=\"0\" style=\"\"><div class=\"tatsu-column-inner \" ><div class=\"tatsu-column-pad-wrap\"><div class=\"tatsu-column-pad\" ><div  class=\"tatsu-module tatsu-text-block-wrap tatsu-HJcCfpOKE  \"><div class=\"tatsu-text-inner tatsu-align-center  clearfix\" ><style>.tatsu-HJcCfpOKE.tatsu-text-block-wrap .tatsu-text-inner{width: 100%;text-align: left;}<\/style>\n<div class=\"wpcf7 no-js\" id=\"wpcf7-f9700-o1\" lang=\"de-DE\" dir=\"ltr\" data-wpcf7-id=\"9700\">\n<div class=\"screen-reader-response\"><p role=\"status\" aria-live=\"polite\" aria-atomic=\"true\"><\/p> <ul><\/ul><\/div>\n<form action=\"\/fr\/wp-json\/wp\/v2\/pages\/9423#wpcf7-f9700-o1\" method=\"post\" class=\"wpcf7-form init\" aria-label=\"Kontaktformular\" novalidate=\"novalidate\" data-status=\"init\">\n<div style=\"display: none;\">\n<input type=\"hidden\" name=\"_wpcf7\" value=\"9700\" \/>\n<input type=\"hidden\" name=\"_wpcf7_version\" value=\"6.0.6\" \/>\n<input type=\"hidden\" name=\"_wpcf7_locale\" value=\"de_DE\" \/>\n<input type=\"hidden\" name=\"_wpcf7_unit_tag\" value=\"wpcf7-f9700-o1\" \/>\n<input type=\"hidden\" name=\"_wpcf7_container_post\" value=\"0\" \/>\n<input type=\"hidden\" name=\"_wpcf7_posted_data_hash\" value=\"\" \/>\n<input type=\"hidden\" name=\"_wpcf7_recaptcha_response\" value=\"\" \/>\n<\/div>\n<p><span class=\"wpcf7-form-control-wrap\" data-name=\"Name\"><input size=\"40\" maxlength=\"400\" class=\"wpcf7-form-control wpcf7-text wpcf7-validates-as-required\" aria-required=\"true\" aria-invalid=\"false\" placeholder=\"Nom\" value=\"\" type=\"text\" name=\"Name\" \/><\/span><br \/>\n<span class=\"wpcf7-form-control-wrap\" data-name=\"Unternehmen\"><input size=\"40\" maxlength=\"400\" class=\"wpcf7-form-control wpcf7-text\" aria-invalid=\"false\" placeholder=\"Soci\u00e9t\u00e9\" value=\"\" type=\"text\" name=\"Unternehmen\" \/><\/span><br \/>\n<span class=\"wpcf7-form-control-wrap\" data-name=\"E-Mail\"><input size=\"40\" maxlength=\"400\" class=\"wpcf7-form-control wpcf7-email wpcf7-text wpcf7-validates-as-email\" aria-invalid=\"false\" placeholder=\"Email\" value=\"\" type=\"email\" name=\"E-Mail\" \/><\/span><br \/>\n<span class=\"wpcf7-form-control-wrap\" data-name=\"Telefon\"><input size=\"40\" maxlength=\"400\" class=\"wpcf7-form-control wpcf7-tel wpcf7-validates-as-required wpcf7-text wpcf7-validates-as-tel\" aria-required=\"true\" aria-invalid=\"false\" placeholder=\"T\u00e9l\u00e9phone\" value=\"\" type=\"tel\" name=\"Telefon\" \/><\/span><br \/>\n<span class=\"wpcf7-form-control-wrap\" data-name=\"Betreff\"><input size=\"40\" maxlength=\"400\" class=\"wpcf7-form-control wpcf7-text\" aria-invalid=\"false\" placeholder=\"Objet\" value=\"\" type=\"text\" name=\"Betreff\" \/><\/span><br \/>\n<span class=\"wpcf7-form-control-wrap\" data-name=\"Mitteilung\"><textarea cols=\"40\" rows=\"10\" maxlength=\"2000\" class=\"wpcf7-form-control wpcf7-textarea\" aria-invalid=\"false\" placeholder=\"Message\" name=\"Mitteilung\"><\/textarea><\/span><br \/>\n<input class=\"wpcf7-form-control wpcf7-submit has-spinner\" type=\"submit\" value=\"ENVOYER LA DEMANDE\" \/>\n<\/p><div class=\"wpcf7-response-output\" aria-hidden=\"true\"><\/div>\n<\/form>\n<\/div>\n<br \/>\n<\/div><\/div><\/div><\/div><div class = \"tatsu-column-bg-image-wrap\"><div class = \"tatsu-column-bg-image\" ><\/div><\/div><\/div><style>.tatsu-row > .tatsu-BklnU9huKE.tatsu-column{width: 50%;}.tatsu-BklnU9huKE.tatsu-column > .tatsu-column-inner > .tatsu-column-overlay{mix-blend-mode: none;}.tatsu-BklnU9huKE > .tatsu-column-inner > .tatsu-top-divider{z-index: 9999;}.tatsu-BklnU9huKE > .tatsu-column-inner > .tatsu-bottom-divider{z-index: 9999;}.tatsu-BklnU9huKE > .tatsu-column-inner > .tatsu-left-divider{z-index: 9999;}.tatsu-BklnU9huKE > .tatsu-column-inner > .tatsu-right-divider{z-index: 9999;}@media only screen and (max-width:1377px) {.tatsu-row > .tatsu-BklnU9huKE.tatsu-column{width: 50%;}}@media only screen and (min-width:768px) and (max-width: 1024px) {.tatsu-row > .tatsu-BklnU9huKE.tatsu-column{width: 50%;}}@media only screen and (max-width: 767px) {.tatsu-row > .tatsu-BklnU9huKE.tatsu-column{width: 100%;}}<\/style><\/div><\/div><\/div><\/div><div class=\"tatsu-section-background-wrap\"><div class = \"tatsu-section-background\" ><\/div><\/div><style>.tatsu-HkfvgU2_YE .tatsu-section-pad{padding: 25px 0px 91px 0px;}.tatsu-HkfvgU2_YE > .tatsu-bottom-divider{z-index: 9999;}.tatsu-HkfvgU2_YE > .tatsu-top-divider{z-index: 9999;}<\/style><\/div><div  class=\"tatsu-rkvgLndF4 tatsu-section    tatsu-clearfix\" data-title=\"\"  data-headerscheme=\"background--dark\"><div class='tatsu-section-pad clearfix' data-padding='{\"d\":\"90px 0px 173px 0px\"}' data-padding-top='90px'><div class=\"tatsu-row-wrap  tatsu-wrap tatsu-row-one-col tatsu-row-has-one-cols tatsu-medium-gutter tatsu-reg-cols  tatsu-clearfix tatsu-SkgPeU2OF4\" ><div  class=\"tatsu-row \" ><div  class=\"tatsu-column  tatsu-column-no-bg tatsu-one-col tatsu-column-image-none tatsu-column-effect-none  tatsu-rkWwx82utV\"  data-parallax-speed=\"0\" style=\"\"><div class=\"tatsu-column-inner \" ><div class=\"tatsu-column-pad-wrap\"><div class=\"tatsu-column-pad\" ><div  class=\"tatsu-module tatsu-title-icon  tatsu-Bkzxoh_YE  \" ><span class=\"tatsu-ti-wrap tatsu-ti medium plain align-left\" ><i class=\"icon-map-pin tatsu-ti tatsu-ti-icon\"><\/i><\/span><div class=\"tatsu-tc tatsu-tc-custom-space align-left medium plain\">\n<h2>OTP &#8211; Sites en Suisse<\/h2>\n<\/div><style>.tatsu-Bkzxoh_YE .tatsu-ti-icon{color: #f8981d ;}<\/style><\/div><div  class=\"tatsu-module tatsu-text-block-wrap tatsu-SJJE__fNr  \"><div class=\"tatsu-text-inner tatsu-align-center  clearfix\" ><style>.tatsu-SJJE__fNr.tatsu-text-block-wrap .tatsu-text-inner{width: 100%;text-align: left;}<\/style>\n<ul>\n<li style=\"list-style-type: none;\">\n<ul>\n<li style=\"list-style-type: none;\">\n<ul id=\"menu-standorte-outplacement\" class=\"menu\">\n<li><a title=\"Standort Aarau\" href=\"https:\/\/www.otp.ch\/fr\/contact\/outplacement-conseil-aarau\/\">Aarau<\/a><\/li>\n<li><a title=\"Standort Basel\" href=\"https:\/\/www.otp.ch\/fr\/contact\/outplacement-basel\/\">Basel<\/a><\/li>\n<li id=\"menu-item-2988\" class=\"menu-item menu-item-type-post_type menu-item-object-page menu-item-2988\"><a title=\"Standort Bern\" href=\"https:\/\/www.otp.ch\/fr\/contact\/outplacement-conseil-bern\/\">Bern<\/a><\/li>\n<li><a href=\"https:\/\/www.otp.ch\/fr\/contact\/outplacement-geneve\/\">Gen\u00e8ve<\/a><\/li>\n<li><a href=\"https:\/\/www.otp.ch\/fr\/contact\/outplacement-lausanne\/\">Lausanne<\/a><\/li>\n<li><a href=\"\/en\/contact\/outplacement-lugano\/\">Lugano<\/a><\/li>\n<li id=\"menu-item-2986\" class=\"menu-item menu-item-type-post_type menu-item-object-page menu-item-2986\"><a title=\"Standort Luzern\" href=\"https:\/\/www.otp.ch\/fr\/contact\/outplacement-conseil-luzern\/\">Luzern<\/a><\/li>\n<li id=\"menu-item-2989\" class=\"menu-item menu-item-type-post_type menu-item-object-page menu-item-2989\"><a title=\"Standort Schindellegi\" href=\"https:\/\/www.otp.ch\/fr\/contact\/outplacement-conseil-schindellegi\/\">Schindellegi<\/a><\/li>\n<li><a title=\"Standort Z\u00fcrich\" href=\"https:\/\/www.otp.ch\/fr\/contact\/outplacement-zuerich\/\" aria-current=\"page\">Z\u00fcrich<\/a><\/li>\n<\/ul>\n<\/li>\n<\/ul>\n<\/li>\n<\/ul>\n<\/div><\/div><\/div><\/div><div class = \"tatsu-column-bg-image-wrap\"><div class = \"tatsu-column-bg-image\" ><\/div><\/div><\/div><style>.tatsu-row > .tatsu-rkWwx82utV.tatsu-column{width: 100%;}.tatsu-rkWwx82utV.tatsu-column > .tatsu-column-inner > .tatsu-column-overlay{mix-blend-mode: none;}.tatsu-rkWwx82utV > .tatsu-column-inner > .tatsu-top-divider{z-index: 9999;}.tatsu-rkWwx82utV > .tatsu-column-inner > .tatsu-bottom-divider{z-index: 9999;}.tatsu-rkWwx82utV > .tatsu-column-inner > .tatsu-left-divider{z-index: 9999;}.tatsu-rkWwx82utV > .tatsu-column-inner > .tatsu-right-divider{z-index: 9999;}@media only screen and (max-width:1377px) {.tatsu-row > .tatsu-rkWwx82utV.tatsu-column{width: 100%;}}@media only screen and (min-width:768px) and (max-width: 1024px) {.tatsu-row > .tatsu-rkWwx82utV.tatsu-column{width: 100%;}}@media only screen and (max-width: 767px) {.tatsu-row > .tatsu-rkWwx82utV.tatsu-column{width: 100%;}}<\/style><\/div><\/div><\/div><\/div><div class=\"tatsu-section-background-wrap\"><div class = \"tatsu-section-background\" ><\/div><\/div><style>.tatsu-rkvgLndF4.tatsu-section{background-color: rgba(242,242,242,1);}.tatsu-rkvgLndF4 .tatsu-section-pad{padding: 90px 0px 173px 0px;}.tatsu-rkvgLndF4 > .tatsu-bottom-divider{z-index: 9999;}.tatsu-rkvgLndF4 > .tatsu-top-divider{z-index: 9999;}<\/style><\/div>\n<div style='text-align:center' class='yasr-auto-insert-visitor'><\/div>","protected":false},"excerpt":{"rendered":"<p><a href=\"https:\/\/www.otp.ch\/fr\/contact\/outplacement-conseil-bern\/\" class=\"more-link style3-button\">Continuer \u00e0 lire<\/a><\/p>","protected":false},"author":14,"featured_media":0,"parent":486,"menu_order":0,"comment_status":"closed","ping_status":"closed","template":"","meta":{"yasr_overall_rating":0,"yasr_post_is_review":"","yasr_auto_insert_disabled":"","yasr_review_type":"","footnotes":""},"class_list":["post-9423","page","type-page","status-publish","hentry"],"yasr_visitor_votes":{"stars_attributes":{"read_only":false,"span_bottom":false},"number_of_votes":1,"sum_votes":5},"_links":{"self":[{"href":"https:\/\/www.otp.ch\/fr\/wp-json\/wp\/v2\/pages\/9423","targetHints":{"allow":["GET"]}}],"collection":[{"href":"https:\/\/www.otp.ch\/fr\/wp-json\/wp\/v2\/pages"}],"about":[{"href":"https:\/\/www.otp.ch\/fr\/wp-json\/wp\/v2\/types\/page"}],"author":[{"embeddable":true,"href":"https:\/\/www.otp.ch\/fr\/wp-json\/wp\/v2\/users\/14"}],"replies":[{"embeddable":true,"href":"https:\/\/www.otp.ch\/fr\/wp-json\/wp\/v2\/comments?post=9423"}],"version-history":[{"count":2,"href":"https:\/\/www.otp.ch\/fr\/wp-json\/wp\/v2\/pages\/9423\/revisions"}],"predecessor-version":[{"id":10692,"href":"https:\/\/www.otp.ch\/fr\/wp-json\/wp\/v2\/pages\/9423\/revisions\/10692"}],"up":[{"embeddable":true,"href":"https:\/\/www.otp.ch\/fr\/wp-json\/wp\/v2\/pages\/486"}],"wp:attachment":[{"href":"https:\/\/www.otp.ch\/fr\/wp-json\/wp\/v2\/media?parent=9423"}],"curies":[{"name":"wp","href":"https:\/\/api.w.org\/{rel}","templated":true}]}}