{"id":8232,"date":"2023-04-11T07:41:10","date_gmt":"2023-04-11T05:41:10","guid":{"rendered":"https:\/\/www.otp.ch\/?page_id=8232"},"modified":"2024-07-30T16:56:10","modified_gmt":"2024-07-30T14:56:10","slug":"inscription-ateliers","status":"publish","type":"page","link":"https:\/\/www.otp.ch\/fr\/inscription-ateliers\/","title":{"rendered":"Anmeldung Workshop"},"content":{"rendered":"<div  class=\"tatsu-S1-j_99Klh tatsu-section  tatsu-section-custom-height tatsu-bg-overlay   tatsu-clearfix\" data-title=\"\"  data-headerscheme=\"background--dark\"><div class = \"tatsu-custom-height-wrap\"><div class='tatsu-section-pad clearfix' data-padding='{\"d\":\"90px 0px 90px 0px\"}' data-padding-top='90px'><div class=\"tatsu-row-wrap  tatsu-wrap tatsu-row-one-col tatsu-row-has-one-cols tatsu-medium-gutter tatsu-reg-cols  tatsu-clearfix tatsu-BJxiuc9tx3\" ><div  class=\"tatsu-row \" ><div  class=\"tatsu-column  tatsu-bg-overlay tatsu-column-empty tatsu-one-col tatsu-column-image-none tatsu-column-effect-none  tatsu-Bkjd95Fln\"  data-parallax-speed=\"0\" style=\"\"><div class=\"tatsu-column-inner \" ><div class=\"tatsu-column-pad-wrap\"><div class=\"tatsu-column-pad\" ><\/div><\/div><div class = \"tatsu-column-bg-image-wrap\"><div class = \"tatsu-column-bg-image\" ><\/div><\/div><div class=\"tatsu-overlay tatsu-column-overlay tatsu-animate-none\" ><\/div><\/div><style>.tatsu-row > .tatsu-Bkjd95Fln.tatsu-column{width: 100%;}.tatsu-Bkjd95Fln.tatsu-column > .tatsu-column-inner > .tatsu-column-overlay{mix-blend-mode: normal;}.tatsu-Bkjd95Fln > .tatsu-column-inner > .tatsu-top-divider{z-index: 9999;}.tatsu-Bkjd95Fln > .tatsu-column-inner > .tatsu-bottom-divider{z-index: 9999;}.tatsu-Bkjd95Fln > .tatsu-column-inner > .tatsu-left-divider{z-index: 9999;}.tatsu-Bkjd95Fln > .tatsu-column-inner > .tatsu-right-divider{z-index: 9999;}@media only screen and (max-width:1377px) {.tatsu-row > .tatsu-Bkjd95Fln.tatsu-column{width: 100%;}}@media only screen and (min-width:768px) and (max-width: 1024px) {.tatsu-row > .tatsu-Bkjd95Fln.tatsu-column{width: 100%;}}@media only screen and (max-width: 767px) {.tatsu-row > .tatsu-Bkjd95Fln.tatsu-column{width: 100%;}}<\/style><\/div><\/div><\/div><\/div><div class=\"tatsu-section-background-wrap\"><div class = \"tatsu-section-background\" ><\/div><\/div><div class=\"tatsu-overlay tatsu-section-overlay\"><\/div><\/div><div class = \"tatsu-shape-divider tatsu-bottom-divider\"><svg xmlns=\"http:\/\/www.w3.org\/2000\/svg\" preserveAspectRatio=\"none\" viewBox=\"0 0 1920 120\">\n  <g fill-rule=\"evenodd\">\n    <path fill-opacity=\".457\" d=\"M0,25.9621684 C293.239583,65.9621684 613.239583,72.6288351 960,45.9621684 C1306.76042,19.2955018 1626.76042,32.6288351 1920,85.9621684 L1920,120 L0,120 L0,25.9621684 Z\" transform=\"matrix(-1 0 0 1 1920 0)\"\/>\n    <path d=\"M0,55.9621684 C300.495844,106.578393 620.495844,106.578393 960,55.9621684 C1299.50416,5.34594386 1619.50416,5.34594386 1920,55.9621684 L1920,120 L0,120 L0,55.9621684 Z\"\/>\n  <\/g>\n<\/svg>\n<\/div><style>.tatsu-S1-j_99Klh .tatsu-section-background{background-image: url(https:\/\/www.otp.ch\/wp-content\/uploads\/2021\/10\/business-hr-assessment-header.jpg);background-repeat: no-repeat;background-attachment: scroll;background-position: top left;background-size: cover;}.tatsu-S1-j_99Klh .tatsu-bg-blur{background-repeat: no-repeat;background-attachment: scroll;background-position: top left;background-size: cover;}.tatsu-S1-j_99Klh .tatsu-section-pad{padding: 90px 0px 90px 0px;}.tatsu-S1-j_99Klh .tatsu-section-offset-wrap{transform: translateY(-0px);}.tatsu-S1-j_99Klh > .tatsu-bottom-divider{height: 100px;color: #ffffff ;z-index: 9999;}.tatsu-S1-j_99Klh > .tatsu-top-divider{z-index: 9999;}.tatsu-S1-j_99Klh .tatsu-section-overlay{mix-blend-mode: normal;}.tatsu-S1-j_99Klh{box-shadow: 0px 0px 0px 0px rgba(28,9,9,0);}.tatsu-S1-j_99Klh .tatsu-custom-height-wrap{align-items: center;min-height: 400px;}<\/style><\/div><div  class=\"tatsu-fy34330g875fr4wp tatsu-section    tatsu-clearfix\" data-title=\"\"  data-headerscheme=\"background--dark\"><div class='tatsu-section-pad clearfix' data-padding='{\"d\":\"70px 0% 30px 0%\"}' data-padding-top='70px'><div class=\"tatsu-row-wrap  tatsu-wrap tatsu-row-one-col tatsu-row-has-one-cols tatsu-zero-margin tatsu-medium-gutter tatsu-reg-cols  tatsu-clearfix tatsu-fy34330g8k24fe7g\" ><div  class=\"tatsu-row \" ><div  class=\"tatsu-column  tatsu-column-no-bg tatsu-one-col tatsu-column-image-none tatsu-column-effect-none  tatsu-fy34330g8sueqie\"  data-parallax-speed=\"0\" style=\"\"><div class=\"tatsu-column-inner \" ><div class=\"tatsu-column-pad-wrap\"><div class=\"tatsu-column-pad\" ><div  class=\"tatsu-module tatsu-divider-wrap  tatsu-fy34330g977tabtb   \"  ><style>.tatsu-fy34330g977tabtb .tatsu-divider{width: 100%;background: #03549e;}.tatsu-fy34330g977tabtb.tatsu-divider-wrap{text-align: left;}<\/style><hr class=\"tatsu-divider\"\/><\/div><div  class=\"tatsu-module tatsu-text-block-wrap tatsu-rJlUiIk_E  \"><div class=\"tatsu-text-inner tatsu-align-center  clearfix\" ><style>.tatsu-rJlUiIk_E.tatsu-text-block-wrap .tatsu-text-inner{width: 100%;text-align: left;}<\/style>\n<h1>Ateliers en ligne<\/h1>\n<\/div><\/div><div  class=\"tatsu-module tatsu-text-block-wrap tatsu-rJQGqcKgh  \"><div class=\"tatsu-text-inner tatsu-align-center  clearfix\" ><style>.tatsu-rJQGqcKgh.tatsu-text-block-wrap .tatsu-text-inner{width: 100%;text-align: left;}<\/style>\n<p>Nous organisons des ateliers sur diff\u00e9rents th\u00e8mes. En tant que client(e) priv\u00e9(e), vous pouvez participer \u00e0 l&rsquo;un de ces ateliers num\u00e9riques.\u00a0Inscrivez-vous !<\/p>\n<p><span style=\"font-size: 18pt;\">Prix et dates sur demande<\/span><\/p>\n<\/div><\/div><\/div><\/div><div class = \"tatsu-column-bg-image-wrap\"><div class = \"tatsu-column-bg-image\" ><\/div><\/div><\/div><style>.tatsu-row > .tatsu-fy34330g8sueqie.tatsu-column{width: 100%;}.tatsu-fy34330g8sueqie.tatsu-column > .tatsu-column-inner > .tatsu-column-overlay{mix-blend-mode: none;}.tatsu-fy34330g8sueqie > .tatsu-column-inner > .tatsu-top-divider{z-index: 9999;}.tatsu-fy34330g8sueqie > .tatsu-column-inner > .tatsu-bottom-divider{z-index: 9999;}.tatsu-fy34330g8sueqie > .tatsu-column-inner > .tatsu-left-divider{z-index: 9999;}.tatsu-fy34330g8sueqie > .tatsu-column-inner > .tatsu-right-divider{z-index: 9999;}<\/style><\/div><\/div><\/div><\/div><div class=\"tatsu-section-background-wrap\"><div class = \"tatsu-section-background\" ><\/div><\/div><style>.tatsu-fy34330g875fr4wp{border-width: 0px 0px px 0px;border-style: solid;}.tatsu-fy34330g875fr4wp .tatsu-section-pad{padding: 70px 0% 30px 0%;}.tatsu-fy34330g875fr4wp > .tatsu-bottom-divider{z-index: 9999;}.tatsu-fy34330g875fr4wp > .tatsu-top-divider{z-index: 9999;}<\/style><\/div><div  class=\"tatsu-BJZsTKlNNB tatsu-section    tatsu-clearfix\" data-title=\"\"  data-headerscheme=\"background--dark\"><div class='tatsu-section-pad clearfix' data-padding='{\"d\":\"6px 0px 180px 0px\"}' data-padding-top='6px'><div class=\"tatsu-row-wrap  tatsu-wrap tatsu-row-has-one-half tatsu-row-has-two-cols tatsu-medium-gutter tatsu-reg-cols  tatsu-clearfix tatsu-SJeiTte44B\" ><div  class=\"tatsu-row \" ><div  class=\"tatsu-column  tatsu-column-no-bg tatsu-one-half tatsu-column-image-none tatsu-column-effect-none  tatsu-B1J0tl4Nr\"  data-parallax-speed=\"0\" style=\"\"><div class=\"tatsu-column-inner \" ><div class=\"tatsu-column-pad-wrap\"><div class=\"tatsu-column-pad\" ><div  class=\"tatsu-module tatsu-text-block-wrap tatsu-r1OKw9Yl2  \"><div class=\"tatsu-text-inner tatsu-align-center  clearfix\" ><style>.tatsu-r1OKw9Yl2.tatsu-text-block-wrap .tatsu-text-inner{width: 100%;text-align: left;}<\/style>\n<div class=\"wpcf7 no-js\" id=\"wpcf7-f8238-o1\" lang=\"de-DE\" dir=\"ltr\" data-wpcf7-id=\"8238\">\n<div class=\"screen-reader-response\"><p role=\"status\" aria-live=\"polite\" aria-atomic=\"true\"><\/p> <ul><\/ul><\/div>\n<form action=\"\/fr\/wp-json\/wp\/v2\/pages\/8232#wpcf7-f8238-o1\" method=\"post\" class=\"wpcf7-form init\" aria-label=\"Kontaktformular\" novalidate=\"novalidate\" data-status=\"init\">\n<div style=\"display: none;\">\n<input type=\"hidden\" name=\"_wpcf7\" value=\"8238\" \/>\n<input type=\"hidden\" name=\"_wpcf7_version\" value=\"6.0.6\" \/>\n<input type=\"hidden\" name=\"_wpcf7_locale\" value=\"de_DE\" \/>\n<input type=\"hidden\" name=\"_wpcf7_unit_tag\" value=\"wpcf7-f8238-o1\" \/>\n<input type=\"hidden\" name=\"_wpcf7_container_post\" value=\"0\" \/>\n<input type=\"hidden\" name=\"_wpcf7_posted_data_hash\" value=\"\" \/>\n<input type=\"hidden\" name=\"_wpcf7_recaptcha_response\" value=\"\" \/>\n<\/div>\n<p>Votre nom*<br \/>\n<span class=\"wpcf7-form-control-wrap\" data-name=\"your-name\"><input size=\"40\" maxlength=\"400\" class=\"wpcf7-form-control wpcf7-text wpcf7-validates-as-required\" aria-required=\"true\" aria-invalid=\"false\" value=\"\" type=\"text\" name=\"your-name\" \/><\/span>\n<\/p>\n<p>Votre pr\u00e9nom <span class=\"wpcf7-form-control-wrap\" data-name=\"Vorname\"><input size=\"40\" maxlength=\"400\" class=\"wpcf7-form-control wpcf7-text wpcf7-validates-as-required\" aria-required=\"true\" aria-invalid=\"false\" value=\"\" type=\"text\" name=\"Vorname\" \/><\/span>\n<\/p>\n<p>Votre email*<br \/>\n<span class=\"wpcf7-form-control-wrap\" data-name=\"your-email\"><input size=\"40\" maxlength=\"400\" class=\"wpcf7-form-control wpcf7-email wpcf7-validates-as-required wpcf7-text wpcf7-validates-as-email\" aria-required=\"true\" aria-invalid=\"false\" value=\"\" type=\"email\" name=\"your-email\" \/><\/span>\n<\/p>\n<p>Atelier* <span class=\"wpcf7-form-control-wrap\" data-name=\"menu-637\"><select class=\"wpcf7-form-control wpcf7-select wpcf7-validates-as-required\" aria-required=\"true\" aria-invalid=\"false\" name=\"menu-637\"><option value=\"M\u00e9dias sociaux et marketing personnel\">M\u00e9dias sociaux et marketing personnel<\/option><option value=\"R\u00e9seautage professionnel\">R\u00e9seautage professionnel<\/option><option value=\"R\u00e9ussir durablement dans sa vie professionnelle\">R\u00e9ussir durablement dans sa vie professionnelle<\/option><option value=\"R\u00e9ussir sa communication lors d&#039;une candidature\">R\u00e9ussir sa communication lors d&#039;une candidature<\/option><option value=\"Meilleures pratiques dans la recherche d&#039;emploi\">Meilleures pratiques dans la recherche d&#039;emploi<\/option><\/select><\/span>\n<\/p>\n<p>Message<br \/>\n<span class=\"wpcf7-form-control-wrap\" data-name=\"your-message\"><textarea cols=\"40\" rows=\"10\" maxlength=\"2000\" class=\"wpcf7-form-control wpcf7-textarea\" aria-invalid=\"false\" name=\"your-message\"><\/textarea><\/span>\n<\/p>\n<p><input class=\"wpcf7-form-control wpcf7-submit has-spinner\" type=\"submit\" value=\"Envoyer\" \/>\n<\/p><div class=\"wpcf7-response-output\" aria-hidden=\"true\"><\/div>\n<\/form>\n<\/div>\n<br \/>\n<\/div><\/div><\/div><\/div><div class = \"tatsu-column-bg-image-wrap\"><div class = \"tatsu-column-bg-image\" ><\/div><\/div><\/div><style>.tatsu-row > .tatsu-B1J0tl4Nr.tatsu-column{width: 50.9%;}.tatsu-B1J0tl4Nr.tatsu-column > .tatsu-column-inner > .tatsu-column-overlay{mix-blend-mode: none;}.tatsu-B1J0tl4Nr > .tatsu-column-inner > .tatsu-top-divider{z-index: 9999;}.tatsu-B1J0tl4Nr > .tatsu-column-inner > .tatsu-bottom-divider{z-index: 9999;}.tatsu-B1J0tl4Nr > .tatsu-column-inner > .tatsu-left-divider{z-index: 9999;}.tatsu-B1J0tl4Nr > .tatsu-column-inner > .tatsu-right-divider{z-index: 9999;}@media only screen and (max-width:1377px) {.tatsu-row > .tatsu-B1J0tl4Nr.tatsu-column{width: 50%;}}@media only screen and (min-width:768px) and (max-width: 1024px) {.tatsu-row > .tatsu-B1J0tl4Nr.tatsu-column{width: 50%;}}@media only screen and (max-width: 767px) {.tatsu-row > .tatsu-B1J0tl4Nr.tatsu-column{width: 100%;}}<\/style><\/div><div  class=\"tatsu-column  tatsu-column-no-bg tatsu-one-half tatsu-column-image-none tatsu-column-effect-none  tatsu-rJl1CKg4NH\"  data-parallax-speed=\"0\" style=\"\"><div class=\"tatsu-column-inner \" ><div class=\"tatsu-column-pad-wrap\"><div class=\"tatsu-column-pad\" ><div  class=\"tatsu-empty-space  tatsu-rkBttqFln  \" ><style>.tatsu-rkBttqFln.tatsu-empty-space{height: 25px;}<\/style><\/div><div  class=\"tatsu-module tatsu-text-block-wrap tatsu-SJkIF5Fln  \"><div class=\"tatsu-text-inner tatsu-align-center  clearfix\" ><style>.tatsu-SJkIF5Fln.tatsu-text-block-wrap .tatsu-text-inner{width: 100%;text-align: left;}<\/style>\n<table id=\"tablepress-4\" class=\"tablepress tablepress-id-4\">\n<thead>\n<tr class=\"row-1\">\n\t<th class=\"column-1\">\u00c9V\u00c8NEMENT<\/th><th class=\"column-2\">FLYER (PDF)<\/th>\n<\/tr>\n<\/thead>\n<tbody class=\"row-striping row-hover\">\n<tr class=\"row-2\">\n\t<td class=\"column-1\">M\u00e9dias sociaux et marketing personnel<\/td><td class=\"column-2\"><a href=\"https:\/\/www.otp.ch\/wp-content\/uploads\/2023\/05\/Flyer-OTP-Social-Media-und-Selbstmarketing_Webinar_3_F.pdf\">Flyer (PDF)<\/a><\/td>\n<\/tr>\n<tr class=\"row-3\">\n\t<td class=\"column-1\">R\u00e9seautage professionnel<\/td><td class=\"column-2\"><a href=\"https:\/\/www.otp.ch\/wp-content\/uploads\/2023\/05\/Flyer-OTP-Professionelles-Networking_Webinar_2_F.pdf\">Flyer (PDF)<\/a><\/td>\n<\/tr>\n<tr class=\"row-4\">\n\t<td class=\"column-1\">R\u00e9ussir durablement dans sa vie professionnelle<\/td><td class=\"column-2\"><a href=\"https:\/\/www.otp.ch\/wp-content\/uploads\/2023\/05\/Flyer-OTP-Nachhaltiger-Erfolg-im-Beruf_Webinar_2_F.pdf\">Flyer (PDF)<\/a><\/td>\n<\/tr>\n<tr class=\"row-5\">\n\t<td class=\"column-1\">R\u00e9ussir sa communication lors d'une candidature<\/td><td class=\"column-2\"><a href=\"https:\/\/www.otp.ch\/wp-content\/uploads\/2023\/05\/Flyer-OTP-Nachhaltiger-Erfolg-im-Beruf_Webinar_2_F.pdf\">Flyer (PDF)<\/a><\/td>\n<\/tr>\n<tr class=\"row-6\">\n\t<td class=\"column-1\">Meilleures pratiques dans la recherche d'emploi<\/td><td class=\"column-2\"><a href=\"https:\/\/www.otp.ch\/wp-content\/uploads\/2023\/05\/Flyer-OTP-Best-Practice-bei-der-Stellensuche_Webinar_2_F.pdf\">Flyer (PDF)<\/a><\/td>\n<\/tr>\n<\/tbody>\n<\/table>\n<br \/>\n<\/div><\/div><\/div><\/div><div class = \"tatsu-column-bg-image-wrap\"><div class = \"tatsu-column-bg-image\" ><\/div><\/div><\/div><style>.tatsu-row > .tatsu-rJl1CKg4NH.tatsu-column{width: 49.1%;}.tatsu-rJl1CKg4NH.tatsu-column > .tatsu-column-inner{border-color: rgba(235,235,235,1); }.tatsu-rJl1CKg4NH.tatsu-column > .tatsu-column-inner > .tatsu-column-overlay{mix-blend-mode: none;}.tatsu-rJl1CKg4NH > .tatsu-column-inner > .tatsu-top-divider{z-index: 9999;}.tatsu-rJl1CKg4NH > .tatsu-column-inner > .tatsu-bottom-divider{z-index: 9999;}.tatsu-rJl1CKg4NH > .tatsu-column-inner > .tatsu-left-divider{z-index: 9999;}.tatsu-rJl1CKg4NH > .tatsu-column-inner > .tatsu-right-divider{z-index: 9999;}@media only screen and (max-width:1377px) {.tatsu-row > .tatsu-rJl1CKg4NH.tatsu-column{width: 50%;}}@media only screen and (min-width:768px) and (max-width: 1024px) {.tatsu-row > .tatsu-rJl1CKg4NH.tatsu-column{width: 50%;}}@media only screen and (max-width: 767px) {.tatsu-row > .tatsu-rJl1CKg4NH.tatsu-column{width: 100%;}}<\/style><\/div><\/div><\/div><\/div><div class=\"tatsu-section-background-wrap\"><div class = \"tatsu-section-background\" ><\/div><\/div><style>.tatsu-BJZsTKlNNB .tatsu-section-pad{padding: 6px 0px 180px 0px;}.tatsu-BJZsTKlNNB > .tatsu-bottom-divider{z-index: 9999;}.tatsu-BJZsTKlNNB > .tatsu-top-divider{z-index: 9999;}<\/style><\/div>\n<div style='text-align:center' class='yasr-auto-insert-visitor'><\/div>","protected":false},"excerpt":{"rendered":"<p><a href=\"https:\/\/www.otp.ch\/fr\/inscription-ateliers\/\" class=\"more-link style3-button\">Continuer \u00e0 lire<\/a><\/p>","protected":false},"author":14,"featured_media":0,"parent":0,"menu_order":0,"comment_status":"closed","ping_status":"closed","template":"","meta":{"yasr_overall_rating":0,"yasr_post_is_review":"","yasr_auto_insert_disabled":"","yasr_review_type":"","footnotes":""},"class_list":["post-8232","page","type-page","status-publish","hentry"],"yasr_visitor_votes":{"stars_attributes":{"read_only":false,"span_bottom":false},"number_of_votes":0,"sum_votes":0},"_links":{"self":[{"href":"https:\/\/www.otp.ch\/fr\/wp-json\/wp\/v2\/pages\/8232","targetHints":{"allow":["GET"]}}],"collection":[{"href":"https:\/\/www.otp.ch\/fr\/wp-json\/wp\/v2\/pages"}],"about":[{"href":"https:\/\/www.otp.ch\/fr\/wp-json\/wp\/v2\/types\/page"}],"author":[{"embeddable":true,"href":"https:\/\/www.otp.ch\/fr\/wp-json\/wp\/v2\/users\/14"}],"replies":[{"embeddable":true,"href":"https:\/\/www.otp.ch\/fr\/wp-json\/wp\/v2\/comments?post=8232"}],"version-history":[{"count":0,"href":"https:\/\/www.otp.ch\/fr\/wp-json\/wp\/v2\/pages\/8232\/revisions"}],"wp:attachment":[{"href":"https:\/\/www.otp.ch\/fr\/wp-json\/wp\/v2\/media?parent=8232"}],"curies":[{"name":"wp","href":"https:\/\/api.w.org\/{rel}","templated":true}]}}