{"id":496,"date":"2015-06-25T14:18:14","date_gmt":"2015-06-25T12:18:14","guid":{"rendered":"https:\/\/www.otp.ch\/fr\/testimonials\/"},"modified":"2025-10-07T14:40:30","modified_gmt":"2025-10-07T12:40:30","slug":"temoignages-2","status":"publish","type":"page","link":"https:\/\/www.otp.ch\/fr\/temoignages-2\/","title":{"rendered":"T\u00e9moignages"},"content":{"rendered":"<div id=\"firmenportrait\" class=\"tatsu-fyeqizsk9sfv8a97 tatsu-section    tatsu-clearfix\" data-title=\"\"  data-headerscheme=\"background--dark\"><div class='tatsu-section-pad clearfix' data-padding='{\"d\":\"75px 0% 30px 0%\"}' data-padding-top='75px'><div class=\"tatsu-row-wrap  tatsu-wrap tatsu-row-one-col tatsu-row-has-one-cols tatsu-zero-margin tatsu-medium-gutter tatsu-reg-cols  tatsu-clearfix tatsu-fyeqizskae9f7an\" ><div  class=\"tatsu-row \" ><div  class=\"tatsu-column  tatsu-column-no-bg tatsu-one-col tatsu-column-image-none tatsu-column-effect-none  tatsu-fyeqizskaob0i7nk\"  data-parallax-speed=\"0\" style=\"\"><div class=\"tatsu-column-inner \" ><div class=\"tatsu-column-pad-wrap\"><div class=\"tatsu-column-pad\" ><div  class=\"special-heading-wrap style1 oshine-module  tatsu-fyeqizskb5bu3u4v  \" ><div class=\"special-heading align-left\"><h1 class=\"special-h-tag\" >Ce que disent nos clients <\/h1><div class=\"sub-title margin-bottom  special-subtitle\">\n<h5><span style=\"color: #808080;\">La satisfaction de nos clients est notre priorit\u00e9 majeure. D\u00e9couvrez ce que disent nos clients aus sujet de nos services <a href=\"https:\/\/www.otp.ch\/fr\/outplacement\/\">outplacement<\/a>, <a href=\"https:\/\/www.otp.ch\/fr\/assessment-center-et-conseil\/\">assessment<\/a>, <a href=\"https:\/\/www.otp.ch\/fr\/coaching\/\">coaching<\/a> et <a href=\"https:\/\/www.otp.ch\/fr\/formation-en-entreprise\/\">d\u00e9veloppement RH<\/a>!<br \/>\n<\/span><\/h5>\n<\/div><\/div><style>.tatsu-fyeqizskb5bu3u4v .special-h-tag{color: #03549e ;}<\/style><\/div><div  class=\"tatsu-empty-space  tatsu-fyeqizskfr5bo0u1  \" ><style>.tatsu-fyeqizskfr5bo0u1.tatsu-empty-space{height: 20px;}<\/style><\/div><\/div><\/div><div class = \"tatsu-column-bg-image-wrap\"><div class = \"tatsu-column-bg-image\" ><\/div><\/div><\/div><style>.tatsu-row > .tatsu-fyeqizskaob0i7nk.tatsu-column{width: 100%;}.tatsu-fyeqizskaob0i7nk.tatsu-column > .tatsu-column-inner > .tatsu-column-overlay{mix-blend-mode: none;}.tatsu-fyeqizskaob0i7nk > .tatsu-column-inner > .tatsu-top-divider{z-index: 9999;}.tatsu-fyeqizskaob0i7nk > .tatsu-column-inner > .tatsu-bottom-divider{z-index: 9999;}.tatsu-fyeqizskaob0i7nk > .tatsu-column-inner > .tatsu-left-divider{z-index: 9999;}.tatsu-fyeqizskaob0i7nk > .tatsu-column-inner > .tatsu-right-divider{z-index: 9999;}<\/style><\/div><\/div><\/div><div class=\"tatsu-row-wrap  tatsu-wrap tatsu-row-one-col tatsu-row-has-one-cols tatsu-medium-gutter tatsu-reg-cols  tatsu-clearfix tatsu-fyeqizskhs1uy95z\" ><div  class=\"tatsu-row \" ><div  class=\"tatsu-column  tatsu-column-no-bg tatsu-one-col tatsu-column-image-none tatsu-column-effect-none  tatsu-fyeqizski26mxh9d\"  data-parallax-speed=\"0\" style=\"\"><div class=\"tatsu-column-inner \" ><div class=\"tatsu-column-pad-wrap\"><div class=\"tatsu-column-pad\" ><div  class=\"tatsu-module tatsu-title-icon  tatsu-fyeqizskij1rr46u  \" ><span class=\"tatsu-ti-wrap tatsu-ti medium circled align-left\" ><i class=\"icon-quote tatsu-ti tatsu-ti-icon\"><\/i><\/span><div class=\"tatsu-tc tatsu-tc-custom-space align-left medium circled\">\n<h5>Je me suis sentie tr\u00e8s bien valoris\u00e9e. L\u2019approche professionnelle et l\u2019accompagnement pr\u00e9voyant ont tr\u00e8s bien r\u00e9agi sur moi dans des phases difficiles.<\/h5>\n<p>T.D. \/ Sp\u00e9cialiste Compliance Pharma<\/p>\n<\/div><style>.tatsu-fyeqizskij1rr46u .tatsu-ti-icon{color: #000000 ;}.tatsu-fyeqizskij1rr46u .tatsu-ti-wrap.circled{box-shadow: 0px 0px 0px 0px rgba(0,0,0,0);border-color: #000000; }<\/style><\/div><div  class=\"tatsu-module tatsu-title-icon  tatsu-fyeqizskkkfdbeqx  \" ><span class=\"tatsu-ti-wrap tatsu-ti medium circled align-left\" ><i class=\"icon-quote tatsu-ti tatsu-ti-icon\"><\/i><\/span><div class=\"tatsu-tc tatsu-tc-custom-space align-left medium circled\">\n<h5>Pour tous les conseils de valeur et la courte disponibilit\u00e9 avant les interviews, j\u2019aimerais, une fois de plus, remercier tous les coaches du fond du c\u0153ur.<\/h5>\n<p>Dr. S.J. \/ Responsable Industrie chimique<\/p>\n<\/div><style>.tatsu-fyeqizskkkfdbeqx .tatsu-ti-icon{color: #000000 ;}.tatsu-fyeqizskkkfdbeqx .tatsu-ti-wrap.circled{box-shadow: 0px 0px 0px 0px rgba(0,0,0,0);border-color: #000000; }<\/style><\/div><div  class=\"tatsu-module tatsu-title-icon  tatsu-HkJDolgA5  \" ><span class=\"tatsu-ti-wrap tatsu-ti medium circled align-left\" ><i class=\"icon-quote tatsu-ti tatsu-ti-icon\"><\/i><\/span><div class=\"tatsu-tc tatsu-tc-custom-space align-left medium circled\">\n<h5>\u00ab\u00a0Nous avons contract\u00e9 OTP pour plusieurs mandats d&rsquo;outplacement et \u00e0 chaque fois, ils ont mis en place le programme le plus adapt\u00e9 par rapport \u00e0 la situation personnelle et professionnelle de notre employ\u00e9, qui s&rsquo;est senti valoris\u00e9 et soutenu de mani\u00e8re efficace et effective. Le contact avec OTP est facile et fluide.<\/h5>\n<h5>Je ne peux que recommander de travailler avec OTP !\u00a0\u00bb.<\/h5>\n<p><span style=\"font-weight: 400;\">MSC Cruises: Ilaria Wambach<\/span><\/p>\n<\/div><style>.tatsu-HkJDolgA5 .tatsu-ti-icon{color: #000000 ;}.tatsu-HkJDolgA5 .tatsu-ti-wrap.circled{box-shadow: 0px 0px 0px 0px rgba(0,0,0,0);border-color: #000000; }<\/style><\/div><div  class=\"tatsu-module tatsu-title-icon  tatsu-fyeqizskmhfeypry  \" ><span class=\"tatsu-ti-wrap tatsu-ti medium circled align-left\" ><i class=\"icon-quote tatsu-ti tatsu-ti-icon\"><\/i><\/span><div class=\"tatsu-tc tatsu-tc-custom-space align-left medium circled\">\n<h5>Merci pour ces 2 jours de formation\u2026 Du temps bien investi pour moi.<\/h5>\n<h5>Votre fa\u00e7on de donner le cours m\u2019a beaucoup plu et les points trait\u00e9s correspondaient parfaitement \u00e0 mes attentes.<\/h5>\n<p>N.B.\u00a0\/ Administration f\u00e9d\u00e9rale<\/p>\n<\/div><style>.tatsu-fyeqizskmhfeypry .tatsu-ti-icon{color: #000000 ;}.tatsu-fyeqizskmhfeypry .tatsu-ti-wrap.circled{box-shadow: 0px 0px 0px 0px rgba(0,0,0,0);border-color: #000000; }<\/style><\/div><div  class=\"tatsu-module tatsu-title-icon  tatsu-fyeqizskok6zhipm  \" ><span class=\"tatsu-ti-wrap tatsu-ti medium circled align-left\" ><i class=\"icon-quote tatsu-ti tatsu-ti-icon\"><\/i><\/span><div class=\"tatsu-tc tatsu-tc-custom-space align-left medium circled\">\n<h5>Vous \u00eates le meilleur des coaches de tous les temps! Je n\u2019oublierais jamais vos enseignements.\u00a0Un tr\u00e8s grand merci! Vous avez \u00e9t\u00e9 d\u2019une tr\u00e8s grande aide!<\/h5>\n<p>D.M. \/ T\u00e9l\u00e9communication<\/p>\n<\/div><style>.tatsu-fyeqizskok6zhipm .tatsu-ti-icon{color: #000000 ;}.tatsu-fyeqizskok6zhipm .tatsu-ti-wrap.circled{box-shadow: 0px 0px 0px 0px rgba(0,0,0,0);border-color: #000000; }<\/style><\/div><div  class=\"tatsu-module tatsu-title-icon  tatsu-ByUuoeeAc  \" ><span class=\"tatsu-ti-wrap tatsu-ti medium circled align-left\" ><i class=\"icon-quote tatsu-ti tatsu-ti-icon\"><\/i><\/span><div class=\"tatsu-tc tatsu-tc-custom-space align-left medium circled\">\n<h5>\u00ab La direction de Swissport Gen\u00e8ve recherchait de nouvelles id\u00e9es pour travailler sur un \u00e9v\u00e9nement de teambuilding et d\u00e9passement de soi.<br \/>C\u2019est \u00e0 la fin de deux jours d\u2019activit\u00e9s, d\u2019\u00e9changes, d\u2019exercices que nous avons pu appr\u00e9cier le r\u00e9sultat. L\u2019\u00e9quipe s\u2019est retrouv\u00e9e. L\u2019\u00e9quipe nouvelle de management a pu prendre conscience des enjeux mais aussi partager ses craintes tout en apportant un esprit nouveau sur les objectifs communs. OTP a su apporter de la nouveaut\u00e9 et surprendre chacun des participants. Merci pour l\u2019interactivit\u00e9 et le concept du d\u00e9passement de soi.<\/h5>\n<h5>OTP \u00e0 r\u00e9pondu \u00e0 nos attentes. \u00bb<\/h5>\n<p>Swissport, Julien Fournier<\/p>\n<\/div><style>.tatsu-ByUuoeeAc .tatsu-ti-icon{color: #000000 ;}.tatsu-ByUuoeeAc .tatsu-ti-wrap.circled{box-shadow: 0px 0px 0px 0px rgba(0,0,0,0);border-color: #000000; }<\/style><\/div><div  class=\"tatsu-module tatsu-title-icon  tatsu-fyeqizskqhepnlcw  \" ><span class=\"tatsu-ti-wrap tatsu-ti medium circled align-left\" ><i class=\"icon-quote tatsu-ti tatsu-ti-icon\"><\/i><\/span><div class=\"tatsu-tc tatsu-tc-custom-space align-left medium circled\">\n<h5>J\u2019y suis parvenu, je peux \u00e0 nouveau travailler dans les services d\u2019Achat \/Vente\/Client\u00e8le.\u00a0Je ne peux vraiment pas encore le croire, mais cela a fonctionn\u00e9 et j\u2019ai pu bien me vendre et convaincre et ceci gr\u00e2ce \u00e0 votre bonne pr\u00e9paration et \u00e0 votre accompagnement. Comme je le dis, la restructuration m\u2019a personnellement apport\u00e9 quelque chose, je n\u2019ai que gagn\u00e9!!!<\/h5>\n<p>J.M. \/ Automotive<\/p>\n<\/div><style>.tatsu-fyeqizskqhepnlcw .tatsu-ti-icon{color: #000000 ;}.tatsu-fyeqizskqhepnlcw .tatsu-ti-wrap.circled{box-shadow: 0px 0px 0px 0px rgba(0,0,0,0);border-color: #000000; }<\/style><\/div><div  class=\"tatsu-module tatsu-title-icon  tatsu-fyeqizskscqwps4  \" ><span class=\"tatsu-ti-wrap tatsu-ti medium circled align-left\" ><i class=\"icon-quote tatsu-ti tatsu-ti-icon\"><\/i><\/span><div class=\"tatsu-tc tatsu-tc-custom-space align-left medium circled\">\n<h5>Assis au Salon VIP de l\u2019a\u00e9roport de Londres-Heathrow, attendant mon vol pour Singapour, il y avait une coupe de champagne et un contrat sign\u00e9 qui m\u2019attendaient. Mission accomplie \u2013 encore merci beaucoup pour toute votre aide.<\/h5>\n<p>R.P. \/ Responsable Finance<\/p>\n<\/div><style>.tatsu-fyeqizskscqwps4 .tatsu-ti-icon{color: #000000 ;}.tatsu-fyeqizskscqwps4 .tatsu-ti-wrap.circled{box-shadow: 0px 0px 0px 0px rgba(0,0,0,0);border-color: #000000; }<\/style><\/div><div  class=\"tatsu-module tatsu-title-icon  tatsu-HyhM9u70q  \" ><span class=\"tatsu-ti-wrap tatsu-ti medium circled align-left\" ><i class=\"icon-quote tatsu-ti tatsu-ti-icon\"><\/i><\/span><div class=\"tatsu-tc tatsu-tc-custom-space align-left medium circled\">\n<h5>Dans le cadre d&rsquo;une r\u00e9organisation interne, notre directeur des ventes et du marketing, en poste depuis de nombreuses ann\u00e9es, a \u00e9t\u00e9 promu au poste de directeur commercial, sous forme de rapport direct au CEO. En tant que fonction d&rsquo;interface, ce r\u00f4le est tr\u00e8s exigeant. C&rsquo;est pourquoi nous avons d\u00e9cid\u00e9 de nous faire aider par un coaching de l&rsquo;OTP. Les r\u00e9sultats de ce coaching bien structur\u00e9 m&rsquo;ont impressionn\u00e9. Son r\u00f4le et son style de management ont \u00e9t\u00e9 clarifi\u00e9s et ses comp\u00e9tences en communication ont \u00e9t\u00e9 consid\u00e9rablement renforc\u00e9es.<\/h5>\n<h5>Le coaching d&rsquo;OTP l&rsquo;a beaucoup motiv\u00e9 et cela se voit durablement !<\/h5>\n<p>Mario Zanandrea \/ Responsable RH branche automobil<\/p>\n<\/div><style>.tatsu-HyhM9u70q .tatsu-ti-icon{color: #000000 ;}.tatsu-HyhM9u70q .tatsu-ti-wrap.circled{box-shadow: 0px 0px 0px 0px rgba(0,0,0,0);border-color: #000000; }<\/style><\/div><div  class=\"tatsu-module tatsu-title-icon  tatsu-fyeqizskud63g8yy  \" ><span class=\"tatsu-ti-wrap tatsu-ti medium circled align-left\" ><i class=\"icon-quote tatsu-ti tatsu-ti-icon\"><\/i><\/span><div class=\"tatsu-tc tatsu-tc-custom-space align-left medium circled\">\n<h5>J\u2019ai beaucoup appr\u00e9ci\u00e9 le coaching personnel. Mes int\u00e9r\u00eats et mes pr\u00e9occupations ont toujours \u00e9t\u00e9 tr\u00e8s consid\u00e9r\u00e9s. Le support et les autres documents \u00e9taient tr\u00e8s utiles. Je suis tr\u00e8s satisfait et reconnaissant pour l\u2019excellent accompagnement offert par les deux coaches.<\/h5>\n<p>M.B., Responsable, Banque<\/p>\n<\/div><style>.tatsu-fyeqizskud63g8yy .tatsu-ti-icon{color: #000000 ;}.tatsu-fyeqizskud63g8yy .tatsu-ti-wrap.circled{box-shadow: 0px 0px 0px 0px rgba(0,0,0,0);border-color: #000000; }<\/style><\/div><div  class=\"tatsu-module tatsu-title-icon  tatsu-fyeqizskw88il44q  \" ><span class=\"tatsu-ti-wrap tatsu-ti medium circled align-left\" ><i class=\"icon-quote tatsu-ti tatsu-ti-icon\"><\/i><\/span><div class=\"tatsu-tc tatsu-tc-custom-space align-left medium circled\">\n<h5>Je me sens toujours bien accueillie, ma consultante est d\u2019un professionnalisme rare\u00a0et elle arrive \u00e0 conjuguer avec brio exigence et mise en confiance! J\u2019ai trouv\u00e9 un poste qui me pla\u00eet \u00e9norm\u00e9ment gr\u00e2ce au soutien de ma consultante.<\/h5>\n<p>A.L. \/ Assurance<\/p>\n<\/div><style>.tatsu-fyeqizskw88il44q .tatsu-ti-icon{color: #000000 ;}.tatsu-fyeqizskw88il44q .tatsu-ti-wrap.circled{box-shadow: 0px 0px 0px 0px rgba(0,0,0,0);border-color: #000000; }<\/style><\/div><div  class=\"tatsu-module tatsu-title-icon  tatsu-fyeqizsky1ei5q08  \" ><span class=\"tatsu-ti-wrap tatsu-ti medium circled align-left\" ><i class=\"icon-quote tatsu-ti tatsu-ti-icon\"><\/i><\/span><div class=\"tatsu-tc tatsu-tc-custom-space align-left medium circled\">\n<h5>La force la plus importante du programme est la relation que les coaches b\u00e2tissent avec les candidats. Ils ont toujours une opinion positive et motivent la personne \u00e0 \u00eatre toujours de plus en plus actif! Je suis tr\u00e8s satisfait, j\u2019ai retrouv\u00e9 un nouveau job, et cela \u00e9tait mon objectif! Sur une \u00e9chelle de 1 \u00e0 5, je vous accorde un 5. M\u00eame apr\u00e8s la fin de ce programme, je continuerais de me laisser conseiller par le coach.<\/h5>\n<p>O.A., Chef d\u2019\u00e9quipe, t\u00e9l\u00e9communication<\/p>\n<\/div><style>.tatsu-fyeqizsky1ei5q08 .tatsu-ti-icon{color: #000000 ;}.tatsu-fyeqizsky1ei5q08 .tatsu-ti-wrap.circled{box-shadow: 0px 0px 0px 0px rgba(0,0,0,0);border-color: #000000; }<\/style><\/div><\/div><\/div><div class = \"tatsu-column-bg-image-wrap\"><div class = \"tatsu-column-bg-image\" ><\/div><\/div><\/div><style>.tatsu-row > .tatsu-fyeqizski26mxh9d.tatsu-column{width: 100%;}.tatsu-fyeqizski26mxh9d.tatsu-column > .tatsu-column-inner > .tatsu-column-overlay{mix-blend-mode: none;}.tatsu-fyeqizski26mxh9d > .tatsu-column-inner > .tatsu-top-divider{z-index: 9999;}.tatsu-fyeqizski26mxh9d > .tatsu-column-inner > .tatsu-bottom-divider{z-index: 9999;}.tatsu-fyeqizski26mxh9d > .tatsu-column-inner > .tatsu-left-divider{z-index: 9999;}.tatsu-fyeqizski26mxh9d > .tatsu-column-inner > .tatsu-right-divider{z-index: 9999;}<\/style><\/div><\/div><\/div><div class=\"tatsu-row-wrap  tatsu-wrap tatsu-row-one-col tatsu-row-has-one-cols tatsu-medium-gutter tatsu-reg-cols  tatsu-clearfix tatsu-fyeqizsl01c7f285\" ><div  class=\"tatsu-row \" ><div  class=\"tatsu-column  tatsu-column-no-bg tatsu-one-col tatsu-column-image-none tatsu-column-effect-none  tatsu-fyeqizsl0c9ltnrf\"  data-parallax-speed=\"0\" style=\"\"><div class=\"tatsu-column-inner \" ><div class=\"tatsu-column-pad-wrap\"><div class=\"tatsu-column-pad\" ><div  class=\"tatsu-empty-space  tatsu-fyeqizsl0yd13jst  \" ><style>.tatsu-fyeqizsl0yd13jst.tatsu-empty-space{height: 50px;}<\/style><\/div><\/div><\/div><div class = \"tatsu-column-bg-image-wrap\"><div class = \"tatsu-column-bg-image\" ><\/div><\/div><\/div><style>.tatsu-row > .tatsu-fyeqizsl0c9ltnrf.tatsu-column{width: 100%;}.tatsu-fyeqizsl0c9ltnrf.tatsu-column > .tatsu-column-inner > .tatsu-column-overlay{mix-blend-mode: none;}.tatsu-fyeqizsl0c9ltnrf > .tatsu-column-inner > .tatsu-top-divider{z-index: 9999;}.tatsu-fyeqizsl0c9ltnrf > .tatsu-column-inner > .tatsu-bottom-divider{z-index: 9999;}.tatsu-fyeqizsl0c9ltnrf > .tatsu-column-inner > .tatsu-left-divider{z-index: 9999;}.tatsu-fyeqizsl0c9ltnrf > .tatsu-column-inner > .tatsu-right-divider{z-index: 9999;}<\/style><\/div><\/div><\/div><\/div><div class=\"tatsu-section-background-wrap\"><div class = \"tatsu-section-background\" ><\/div><\/div><style>.tatsu-fyeqizsk9sfv8a97{border-width: 0px 0px px 0px;border-style: solid;}.tatsu-fyeqizsk9sfv8a97 .tatsu-section-pad{padding: 75px 0% 30px 0%;}.tatsu-fyeqizsk9sfv8a97 > .tatsu-bottom-divider{z-index: 9999;}.tatsu-fyeqizsk9sfv8a97 > .tatsu-top-divider{z-index: 9999;}<\/style><\/div>\n<div style='text-align:center' class='yasr-auto-insert-visitor'><\/div>","protected":false},"excerpt":{"rendered":"<p><a href=\"https:\/\/www.otp.ch\/fr\/temoignages-2\/\" class=\"more-link style3-button\">Continuer \u00e0 lire<\/a><\/p>","protected":false},"author":1,"featured_media":0,"parent":0,"menu_order":0,"comment_status":"open","ping_status":"open","template":"","meta":{"yasr_overall_rating":0,"yasr_post_is_review":"","yasr_auto_insert_disabled":"","yasr_review_type":"","footnotes":""},"class_list":["post-496","page","type-page","status-publish","hentry"],"yasr_visitor_votes":{"stars_attributes":{"read_only":false,"span_bottom":false},"number_of_votes":4,"sum_votes":20},"_links":{"self":[{"href":"https:\/\/www.otp.ch\/fr\/wp-json\/wp\/v2\/pages\/496","targetHints":{"allow":["GET"]}}],"collection":[{"href":"https:\/\/www.otp.ch\/fr\/wp-json\/wp\/v2\/pages"}],"about":[{"href":"https:\/\/www.otp.ch\/fr\/wp-json\/wp\/v2\/types\/page"}],"author":[{"embeddable":true,"href":"https:\/\/www.otp.ch\/fr\/wp-json\/wp\/v2\/users\/1"}],"replies":[{"embeddable":true,"href":"https:\/\/www.otp.ch\/fr\/wp-json\/wp\/v2\/comments?post=496"}],"version-history":[{"count":4,"href":"https:\/\/www.otp.ch\/fr\/wp-json\/wp\/v2\/pages\/496\/revisions"}],"predecessor-version":[{"id":10667,"href":"https:\/\/www.otp.ch\/fr\/wp-json\/wp\/v2\/pages\/496\/revisions\/10667"}],"wp:attachment":[{"href":"https:\/\/www.otp.ch\/fr\/wp-json\/wp\/v2\/media?parent=496"}],"curies":[{"name":"wp","href":"https:\/\/api.w.org\/{rel}","templated":true}]}}