{"id":495,"date":"2015-06-25T14:18:14","date_gmt":"2015-06-25T12:18:14","guid":{"rendered":"https:\/\/www.otp.ch\/en\/testimonials\/"},"modified":"2025-10-07T14:41:15","modified_gmt":"2025-10-07T12:41:15","slug":"references-2","status":"publish","type":"page","link":"https:\/\/www.otp.ch\/en\/references-2\/","title":{"rendered":"References"},"content":{"rendered":"<div id=\"firmenportrait\" class=\"tatsu-h50xauh9092blql1 tatsu-section  tatsu-bg-overlay   tatsu-clearfix\" data-title=\"\"  data-headerscheme=\"background--dark\"><div class='tatsu-section-pad clearfix' data-padding='{\"d\":\"75px 0% 30px 0%\"}' data-padding-top='75px'><div class=\"tatsu-row-wrap  tatsu-wrap tatsu-row-one-col tatsu-row-has-one-cols tatsu-zero-margin tatsu-medium-gutter tatsu-reg-cols  tatsu-clearfix tatsu-h50xauh9338f09lk\" ><div  class=\"tatsu-row \" ><div  class=\"tatsu-column  tatsu-bg-overlay tatsu-one-col tatsu-column-image-none tatsu-column-effect-none  tatsu-h50xauh95gaxtpm6\"  data-parallax-speed=\"0\" style=\"\"><div class=\"tatsu-column-inner \" ><div class=\"tatsu-column-pad-wrap\"><div class=\"tatsu-column-pad\" ><div  class=\"special-heading-wrap style1 oshine-module  tatsu-animate tatsu-h50xauh9845qesri  \" data-animation=\"fadeIn\"  ><div class=\"special-heading align-left\"><h2 class=\"special-h-tag\" >What Clients Are Saying About Our Services<\/h2><div class=\"sub-title margin-bottom  special-subtitle\">\n<h5><span style=\"color: #808080\">Customer satisfaction is our first priority<\/span><\/h5>\n<\/div><\/div><\/div><div  class=\"tatsu-empty-space  tatsu-h50xauh99n8dessi  \" ><style>.tatsu-h50xauh99n8dessi.tatsu-empty-space{height: 20px;}<\/style><\/div><\/div><\/div><div class = \"tatsu-column-bg-image-wrap\"><div class = \"tatsu-column-bg-image\" ><\/div><\/div><div class=\"tatsu-overlay tatsu-column-overlay tatsu-animate-none\" ><\/div><\/div><style>.tatsu-row > .tatsu-h50xauh95gaxtpm6.tatsu-column{width: 100%;}.tatsu-h50xauh95gaxtpm6.tatsu-column > .tatsu-column-inner > .tatsu-column-overlay{mix-blend-mode: normal;}.tatsu-h50xauh95gaxtpm6 > .tatsu-column-inner > .tatsu-top-divider{z-index: 9999;}.tatsu-h50xauh95gaxtpm6 > .tatsu-column-inner > .tatsu-bottom-divider{z-index: 9999;}.tatsu-h50xauh95gaxtpm6 > .tatsu-column-inner > .tatsu-left-divider{z-index: 9999;}.tatsu-h50xauh95gaxtpm6 > .tatsu-column-inner > .tatsu-right-divider{z-index: 9999;}<\/style><\/div><\/div><\/div><div class=\"tatsu-row-wrap  tatsu-wrap tatsu-row-one-col tatsu-row-has-one-cols tatsu-medium-gutter tatsu-reg-cols  tatsu-clearfix tatsu-h50xauh9a09jxgjy\" ><div  class=\"tatsu-row \" ><div  class=\"tatsu-column  tatsu-bg-overlay tatsu-one-col tatsu-column-image-none tatsu-column-effect-none  tatsu-h50xauh9ce799smo\"  data-parallax-speed=\"0\" style=\"\"><div class=\"tatsu-column-inner \" ><div class=\"tatsu-column-pad-wrap\"><div class=\"tatsu-column-pad\" ><div  class=\"tatsu-module tatsu-title-icon  tatsu-animate tatsu-h50xauh9f53u9fms  \" data-animation=\"fadeIn\"  ><span class=\"tatsu-ti-wrap tatsu-ti medium circled align-left\" ><i class=\"icon-quote tatsu-ti tatsu-ti-icon\"><\/i><\/span><div class=\"tatsu-tc tatsu-tc-custom-space align-left medium circled\">\n<h5>I felt very well cared for. The professional and proactive support had a positive effect on me during very difficult times.<\/h5>\n<p>(T.D. \/ Spezialist Compliance Pharma)<\/p>\n<\/div><style>.tatsu-h50xauh9f53u9fms .tatsu-ti-icon{color: #000000 ;}.tatsu-h50xauh9f53u9fms .tatsu-ti-wrap.circled{box-shadow: 0px 0px 0px 0px rgba(0,0,0,0);border-color: #000000; }<\/style><\/div><div  class=\"tatsu-module tatsu-title-icon  tatsu-animate tatsu-h50xauh9g8akdpj0  \" data-animation=\"fadeIn\"  ><span class=\"tatsu-ti-wrap tatsu-ti medium circled align-left\" ><i class=\"icon-quote tatsu-ti tatsu-ti-icon\"><\/i><\/span><div class=\"tatsu-tc tatsu-tc-custom-space align-left medium circled\">\n<h5>Like I said, the restructuring was nothing but positive for me personally\u2014I won through and through!!<\/h5>\n<p>(J.M. \/ Automotive)<\/p>\n<\/div><style>.tatsu-h50xauh9g8akdpj0 .tatsu-ti-icon{color: #000000 ;}.tatsu-h50xauh9g8akdpj0 .tatsu-ti-wrap.circled{box-shadow: 0px 0px 0px 0px rgba(0,0,0,0);border-color: #000000; }<\/style><\/div><div  class=\"tatsu-module tatsu-title-icon  tatsu-animate tatsu-SyIA5eeAc  \" data-animation=\"fadeIn\"  ><span class=\"tatsu-ti-wrap tatsu-ti medium circled align-left\" ><i class=\"icon-quote tatsu-ti tatsu-ti-icon\"><\/i><\/span><div class=\"tatsu-tc tatsu-tc-custom-space align-left medium circled\">\n<h5>\u201cWe have contracted OTP for several outplacement mandates and each time, they have set up the most suitable program with respect to the personal and professional situation of our employee, who felt valued and supported in an efficient and effective way. The contact with OTP is easy and smooth.<\/h5>\n<h5>I can only recommend working with OTP!\u201d<\/h5>\n<p>MSC Cruises: Ilaria Wambach<\/p>\n<\/div><style>.tatsu-SyIA5eeAc .tatsu-ti-icon{color: #000000 ;}.tatsu-SyIA5eeAc .tatsu-ti-wrap.circled{box-shadow: 0px 0px 0px 0px rgba(0,0,0,0);border-color: #000000; }<\/style><\/div><div  class=\"tatsu-module tatsu-title-icon  tatsu-animate tatsu-h50xauh9h2cddytx  \" data-animation=\"fadeIn\"  ><span class=\"tatsu-ti-wrap tatsu-ti medium circled align-left\" ><i class=\"icon-quote tatsu-ti tatsu-ti-icon\"><\/i><\/span><div class=\"tatsu-tc tatsu-tc-custom-space align-left medium circled\">\n<h5>Once again, I would like to thank my coach for the valuable advice and short-term availability before interviews.<\/h5>\n<p>Dr. S.J. \/\u00a0Chemical Industry Manager<\/p>\n<\/div><style>.tatsu-h50xauh9h2cddytx .tatsu-ti-icon{color: #000000 ;}.tatsu-h50xauh9h2cddytx .tatsu-ti-wrap.circled{box-shadow: 0px 0px 0px 0px rgba(0,0,0,0);border-color: #000000; }<\/style><\/div><div  class=\"tatsu-module tatsu-title-icon  tatsu-animate tatsu-h50xauh9hv6r1bbo  \" data-animation=\"fadeIn\"  ><span class=\"tatsu-ti-wrap tatsu-ti medium circled align-left\" ><i class=\"icon-quote tatsu-ti tatsu-ti-icon\"><\/i><\/span><div class=\"tatsu-tc tatsu-tc-custom-space align-left medium circled\">\n<h5>You\u2019re the best coach ever! I won\u2019t forget what you\u2019ve taught me. Thank you very much! You were a great help!<\/h5>\n<p>D.M. \/\u00a0Telecommunications<\/p>\n<\/div><style>.tatsu-h50xauh9hv6r1bbo .tatsu-ti-icon{color: #000000 ;}.tatsu-h50xauh9hv6r1bbo .tatsu-ti-wrap.circled{box-shadow: 0px 0px 0px 0px rgba(0,0,0,0);border-color: #000000; }<\/style><\/div><div  class=\"tatsu-module tatsu-title-icon  tatsu-animate tatsu-B1egjexCq  \" data-animation=\"fadeIn\"  ><span class=\"tatsu-ti-wrap tatsu-ti medium circled align-left\" ><i class=\"icon-quote tatsu-ti tatsu-ti-icon\"><\/i><\/span><div class=\"tatsu-tc tatsu-tc-custom-space align-left medium circled\">\n<h5>&#8220;The management of Swissport Geneva was looking for new ideas to work on a teambuilding and self-improvement event.<br \/>At the end of two days of activities, exchanges and exercises, we were able to appreciate the result. The team was back together. The new management team was able to become aware of the issues at stake but also to share their fears while bringing a new spirit to the common objectives. OTP was able to bring novelty and surprise each of the participants. Thank you very much for all the input.<\/h5>\n<h5>OTP has met our expectations&#8221;.<\/h5>\n<p>Swissport, Julien Fournier<\/p>\n<\/div><style>.tatsu-B1egjexCq .tatsu-ti-icon{color: #000000 ;}.tatsu-B1egjexCq .tatsu-ti-wrap.circled{box-shadow: 0px 0px 0px 0px rgba(0,0,0,0);border-color: #000000; }<\/style><\/div><div  class=\"tatsu-module tatsu-title-icon  tatsu-animate tatsu-h50xauh9il1otri8  \" data-animation=\"fadeIn\"  ><span class=\"tatsu-ti-wrap tatsu-ti medium circled align-left\" ><i class=\"icon-quote tatsu-ti tatsu-ti-icon\"><\/i><\/span><div class=\"tatsu-tc tatsu-tc-custom-space align-left medium circled\">\n<h5>I finally made it and can work in purchasing\/sales\/customer service again. I can\u2019t quite believe it yet, but it worked, and I was able to present myself convincingly to employers thanks to your good preparation and support. Like I said, the restructuring was nothing but positive for me personally\u2014I won through and through!!<\/h5>\n<p>J.M. \/\u00a0Automotive<\/p>\n<\/div><style>.tatsu-h50xauh9il1otri8 .tatsu-ti-icon{color: #000000 ;}.tatsu-h50xauh9il1otri8 .tatsu-ti-wrap.circled{box-shadow: 0px 0px 0px 0px rgba(0,0,0,0);border-color: #000000; }<\/style><\/div><div  class=\"tatsu-module tatsu-title-icon  tatsu-animate tatsu-h50xauh9jg43r6jr  \" data-animation=\"fadeIn\"  ><span class=\"tatsu-ti-wrap tatsu-ti medium circled align-left\" ><i class=\"icon-quote tatsu-ti tatsu-ti-icon\"><\/i><\/span><div class=\"tatsu-tc tatsu-tc-custom-space align-left medium circled\">\n<h5>Whilst waiting in the Heathrow lounge for my flight to Singapore there was a glass of\u00a0champagne and a counter signed contract waiting for me. All complete &#8211; thank you\u00a0again so much for all your help.<\/h5>\n<p>R.P. \/ Manager Finance<\/p>\n<\/div><style>.tatsu-h50xauh9jg43r6jr .tatsu-ti-icon{color: #000000 ;}.tatsu-h50xauh9jg43r6jr .tatsu-ti-wrap.circled{box-shadow: 0px 0px 0px 0px rgba(0,0,0,0);border-color: #000000; }<\/style><\/div><div  class=\"tatsu-module tatsu-title-icon  tatsu-animate tatsu-BkjjYdQAq  \" data-animation=\"fadeIn\"  ><span class=\"tatsu-ti-wrap tatsu-ti medium circled align-left\" ><i class=\"icon-quote tatsu-ti tatsu-ti-icon\"><\/i><\/span><div class=\"tatsu-tc tatsu-tc-custom-space align-left medium circled\">\n<h5>Our long-time Head of Sales and Marketing was promoted to Commercial Director as part of an internal reorganization, as a direct report to the CEO. This role is very demanding as an interface function. That&#8217;s why we decided to seek coaching support from OTP. I was impressed with the results of the well-structured coaching. The role and leadership style were clarified and his communication skills were significantly strengthened.<\/h5>\n<h5>The coaching from OTP has motivated him a lot and it shows sustainably!<\/h5>\n<p>Mario Zanandrea \/ Head of HR Automotive<\/p>\n<\/div><style>.tatsu-BkjjYdQAq .tatsu-ti-icon{color: #000000 ;}.tatsu-BkjjYdQAq .tatsu-ti-wrap.circled{box-shadow: 0px 0px 0px 0px rgba(0,0,0,0);border-color: #000000; }<\/style><\/div><div  class=\"tatsu-module tatsu-title-icon  tatsu-animate tatsu-h50xauh9k9fenrwn  \" data-animation=\"fadeIn\"  ><span class=\"tatsu-ti-wrap tatsu-ti medium circled align-left\" ><i class=\"icon-quote tatsu-ti tatsu-ti-icon\"><\/i><\/span><div class=\"tatsu-tc tatsu-tc-custom-space align-left medium circled\">\n<h5>I greatly appreciated the personal coaching. My interests and concerns were always taken into consideration. The handbook and other documents were very useful. I am very pleased and grateful for the great and excellent support I received from the two coaches.<\/h5>\n<p>M.B., Manager Bank<\/p>\n<\/div><style>.tatsu-h50xauh9k9fenrwn .tatsu-ti-icon{color: #000000 ;}.tatsu-h50xauh9k9fenrwn .tatsu-ti-wrap.circled{box-shadow: 0px 0px 0px 0px rgba(0,0,0,0);border-color: #000000; }<\/style><\/div><div  class=\"tatsu-module tatsu-title-icon  tatsu-animate tatsu-h50xauh9l19zl457  \" data-animation=\"fadeIn\"  ><span class=\"tatsu-ti-wrap tatsu-ti medium circled align-left\" ><i class=\"icon-quote tatsu-ti tatsu-ti-icon\"><\/i><\/span><div class=\"tatsu-tc tatsu-tc-custom-space align-left medium circled\">\n<h5>Je me sens toujours bien accueillie, ma consultante est d\u2019un professionnalisme rare\u00a0et elle arrive \u00e0 conjuguer exigence et mise en confiance avec brio! J\u2019ai trouv\u00e9 un poste qui me pla\u00eet \u00e9norm\u00e9ment gr\u00e2ce au soutien de ma consultante.<\/h5>\n<p>A.L. \/ Assurance<\/p>\n<\/div><style>.tatsu-h50xauh9l19zl457 .tatsu-ti-icon{color: #000000 ;}.tatsu-h50xauh9l19zl457 .tatsu-ti-wrap.circled{box-shadow: 0px 0px 0px 0px rgba(0,0,0,0);border-color: #000000; }<\/style><\/div><div  class=\"tatsu-module tatsu-title-icon  tatsu-animate tatsu-h50xauh9ltdvrita  \" data-animation=\"fadeIn\"  ><span class=\"tatsu-ti-wrap tatsu-ti medium circled align-left\" ><i class=\"icon-quote tatsu-ti tatsu-ti-icon\"><\/i><\/span><div class=\"tatsu-tc tatsu-tc-custom-space align-left medium circled\">\n<h5>The main strengths of the program are the relationship the coach builds with the candidate and the fact that the coach always has a positive attitude and motivates the client to be active! I am very satisfied and have a new job, which was the goal! On a scale from 1 to 5, a five. I&#8217;ll be in touch with the coach for more advice even after the conclusion of this program.<\/h5>\n<p>O.A., Telecommunications Team Leader<\/p>\n<\/div><style>.tatsu-h50xauh9ltdvrita .tatsu-ti-icon{color: #000000 ;}.tatsu-h50xauh9ltdvrita .tatsu-ti-wrap.circled{box-shadow: 0px 0px 0px 0px rgba(0,0,0,0);border-color: #000000; }<\/style><\/div><\/div><\/div><div class = \"tatsu-column-bg-image-wrap\"><div class = \"tatsu-column-bg-image\" ><\/div><\/div><div class=\"tatsu-overlay tatsu-column-overlay tatsu-animate-none\" ><\/div><\/div><style>.tatsu-row > .tatsu-h50xauh9ce799smo.tatsu-column{width: 100%;}.tatsu-h50xauh9ce799smo.tatsu-column > .tatsu-column-inner > .tatsu-column-overlay{mix-blend-mode: normal;}.tatsu-h50xauh9ce799smo > .tatsu-column-inner > .tatsu-top-divider{z-index: 9999;}.tatsu-h50xauh9ce799smo > .tatsu-column-inner > .tatsu-bottom-divider{z-index: 9999;}.tatsu-h50xauh9ce799smo > .tatsu-column-inner > .tatsu-left-divider{z-index: 9999;}.tatsu-h50xauh9ce799smo > .tatsu-column-inner > .tatsu-right-divider{z-index: 9999;}<\/style><\/div><\/div><\/div><div class=\"tatsu-row-wrap  tatsu-wrap tatsu-row-one-col tatsu-row-has-one-cols tatsu-medium-gutter tatsu-reg-cols  tatsu-clearfix tatsu-h50xauh9mmdn2us2\" ><div  class=\"tatsu-row \" ><div  class=\"tatsu-column  tatsu-bg-overlay tatsu-one-col tatsu-column-image-none tatsu-column-effect-none  tatsu-h50xauh9oz1kbv4h\"  data-parallax-speed=\"0\" style=\"\"><div class=\"tatsu-column-inner \" ><div class=\"tatsu-column-pad-wrap\"><div class=\"tatsu-column-pad\" ><div  class=\"tatsu-empty-space  tatsu-h50xauh9r88vq3ny  \" ><style>.tatsu-h50xauh9r88vq3ny.tatsu-empty-space{height: 50px;}<\/style><\/div><\/div><\/div><div class = \"tatsu-column-bg-image-wrap\"><div class = \"tatsu-column-bg-image\" ><\/div><\/div><div class=\"tatsu-overlay tatsu-column-overlay tatsu-animate-none\" ><\/div><\/div><style>.tatsu-row > .tatsu-h50xauh9oz1kbv4h.tatsu-column{width: 100%;}.tatsu-h50xauh9oz1kbv4h.tatsu-column > .tatsu-column-inner > .tatsu-column-overlay{mix-blend-mode: normal;}.tatsu-h50xauh9oz1kbv4h > .tatsu-column-inner > .tatsu-top-divider{z-index: 9999;}.tatsu-h50xauh9oz1kbv4h > .tatsu-column-inner > .tatsu-bottom-divider{z-index: 9999;}.tatsu-h50xauh9oz1kbv4h > .tatsu-column-inner > .tatsu-left-divider{z-index: 9999;}.tatsu-h50xauh9oz1kbv4h > .tatsu-column-inner > .tatsu-right-divider{z-index: 9999;}<\/style><\/div><\/div><\/div><\/div><div class=\"tatsu-section-background-wrap\"><div class = \"tatsu-section-background\" ><\/div><\/div><div class=\"tatsu-overlay tatsu-section-overlay\"><\/div><style>.tatsu-h50xauh9092blql1{border-width: 0px 0px px 0px;border-style: solid;}.tatsu-h50xauh9092blql1 .tatsu-section-pad{padding: 75px 0% 30px 0%;}.tatsu-h50xauh9092blql1 > .tatsu-bottom-divider{z-index: 9999;}.tatsu-h50xauh9092blql1 > .tatsu-top-divider{z-index: 9999;}.tatsu-h50xauh9092blql1 .tatsu-section-overlay{mix-blend-mode: normal;}<\/style><\/div>\n<div style='text-align:center' class='yasr-auto-insert-visitor'><\/div>","protected":false},"excerpt":{"rendered":"<p><a href=\"https:\/\/www.otp.ch\/en\/references-2\/\" class=\"more-link style3-button\">Read More<\/a><\/p>","protected":false},"author":1,"featured_media":0,"parent":0,"menu_order":0,"comment_status":"open","ping_status":"open","template":"","meta":{"yasr_overall_rating":0,"yasr_post_is_review":"","yasr_auto_insert_disabled":"","yasr_review_type":"","footnotes":""},"class_list":["post-495","page","type-page","status-publish","hentry"],"yasr_visitor_votes":{"stars_attributes":{"read_only":false,"span_bottom":false},"number_of_votes":5,"sum_votes":25},"_links":{"self":[{"href":"https:\/\/www.otp.ch\/en\/wp-json\/wp\/v2\/pages\/495","targetHints":{"allow":["GET"]}}],"collection":[{"href":"https:\/\/www.otp.ch\/en\/wp-json\/wp\/v2\/pages"}],"about":[{"href":"https:\/\/www.otp.ch\/en\/wp-json\/wp\/v2\/types\/page"}],"author":[{"embeddable":true,"href":"https:\/\/www.otp.ch\/en\/wp-json\/wp\/v2\/users\/1"}],"replies":[{"embeddable":true,"href":"https:\/\/www.otp.ch\/en\/wp-json\/wp\/v2\/comments?post=495"}],"version-history":[{"count":3,"href":"https:\/\/www.otp.ch\/en\/wp-json\/wp\/v2\/pages\/495\/revisions"}],"predecessor-version":[{"id":10670,"href":"https:\/\/www.otp.ch\/en\/wp-json\/wp\/v2\/pages\/495\/revisions\/10670"}],"wp:attachment":[{"href":"https:\/\/www.otp.ch\/en\/wp-json\/wp\/v2\/media?parent=495"}],"curies":[{"name":"wp","href":"https:\/\/api.w.org\/{rel}","templated":true}]}}